{"id":25917,"date":"2021-02-04T08:32:29","date_gmt":"2021-02-04T08:32:29","guid":{"rendered":"https:\/\/jetskidream.turitop.net\/?page_id=25917"},"modified":"2022-07-12T11:55:01","modified_gmt":"2022-07-12T09:55:01","slug":"politica-de-cookies","status":"publish","type":"page","link":"https:\/\/jetskidream.com\/de\/politica-de-cookies\/","title":{"rendered":"Cookie-Richtlinie"},"content":{"rendered":"<div data-elementor-type=\"wp-page\" data-elementor-id=\"25917\" class=\"elementor elementor-25917\" data-elementor-post-type=\"page\">\n\t\t\t\t\t\t<section data-particle_enable=\"false\" data-particle-mobile-disabled=\"false\" class=\"elementor-section elementor-top-section elementor-element elementor-element-694e50f6 elementor-section-boxed elementor-section-height-default elementor-section-height-default\" data-id=\"694e50f6\" data-element_type=\"section\" data-e-type=\"section\" data-settings=\"{&quot;background_background&quot;:&quot;classic&quot;}\">\n\t\t\t\t\t\t\t<div class=\"elementor-background-overlay\"><\/div>\n\t\t\t\t\t\t\t<div class=\"elementor-container elementor-column-gap-default\">\n\t\t\t\t\t<div class=\"elementor-column elementor-col-100 elementor-top-column elementor-element elementor-element-7ea88104\" data-id=\"7ea88104\" data-element_type=\"column\" data-e-type=\"column\">\n\t\t\t<div class=\"elementor-widget-wrap elementor-element-populated\">\n\t\t\t\t\t\t<div class=\"elementor-element elementor-element-1f27ffce elementor-widget elementor-widget-heading\" data-id=\"1f27ffce\" data-element_type=\"widget\" data-e-type=\"widget\" data-widget_type=\"heading.default\">\n\t\t\t\t<div class=\"elementor-widget-container\">\n\t\t\t\t\t<h1 class=\"elementor-heading-title elementor-size-default\">Cookie-Richtlinie<\/h1>\t\t\t\t<\/div>\n\t\t\t\t<\/div>\n\t\t\t\t\t<\/div>\n\t\t<\/div>\n\t\t\t\t\t<\/div>\n\t\t<\/section>\n\t\t\t\t<section data-particle_enable=\"false\" data-particle-mobile-disabled=\"false\" class=\"elementor-section elementor-top-section elementor-element elementor-element-d8d86c9 elementor-section-boxed elementor-section-height-default elementor-section-height-default\" data-id=\"d8d86c9\" data-element_type=\"section\" data-e-type=\"section\">\n\t\t\t\t\t\t<div class=\"elementor-container elementor-column-gap-default\">\n\t\t\t\t\t<div class=\"elementor-column elementor-col-100 elementor-top-column elementor-element elementor-element-6f2c748\" data-id=\"6f2c748\" data-element_type=\"column\" data-e-type=\"column\">\n\t\t\t<div class=\"elementor-widget-wrap elementor-element-populated\">\n\t\t\t\t\t\t<div class=\"elementor-element elementor-element-fd8acde elementor-widget elementor-widget-text-editor\" data-id=\"fd8acde\" data-element_type=\"widget\" data-e-type=\"widget\" data-widget_type=\"text-editor.default\">\n\t\t\t\t<div class=\"elementor-widget-container\">\n\t\t\t\t\t\t\t\t\t<p>Ein Cookie ist eine kleine Textdatei, die in Ihrem Browser gespeichert wird, wenn Sie eine beliebige Website besuchen. Ihr Nutzen besteht darin, dass sich die Website an Ihren Besuch erinnern kann, wenn Sie die Seite erneut besuchen. Cookies speichern in der Regel Informationen technischer Art, pers\u00f6nliche Pr\u00e4ferenzen, die Personalisierung von Inhalten, Nutzungsstatistiken, Links zu sozialen Netzwerken, den Zugang zu Benutzerkonten usw. Der Zweck des Cookies besteht darin, den Inhalt der Website an Ihr Profil und Ihre Bed\u00fcrfnisse anzupassen, denn ohne Cookies w\u00fcrden die von einer Seite angebotenen Dienste erheblich eingeschr\u00e4nkt werden.<\/p><h2>AUF DIESER WEBSITE VERWENDETE COOKIES<\/h2><p>Nach den Richtlinien der spanischen Datenschutzbeh\u00f6rde gehen wir auf die Verwendung von Cookies, dass diese Website, um Sie so genau wie m\u00f6glich zu informieren macht Detail.<\/p><h2>DIESE WEBSITE VERWENDET DIE FOLGENDEN EIGENEN COOKIES:<\/h2><ul class=\"list-style list-style1\"><li>Session-Cookies, um den Zugang zum Kundenbereich zu erleichtern.<\/li><\/ul><h2>DIESE WEBSITE VERWENDET DIE FOLGENDEN COOKIES VON DRITTEN:<\/h2><ul class=\"list-style list-style1\"><li>Google Analytics: Speichert Cookies, um Statistiken \u00fcber den Verkehr und das Volumen der Besuche auf dieser Website zu erstellen. Durch die Nutzung dieser Website erkl\u00e4ren Sie sich mit der Bearbeitung der \u00fcber Sie erhobenen Daten durch Google einverstanden. Daher muss die Aus\u00fcbung der diesbez\u00fcglichen Rechte direkt mit Google erfolgen.<\/li><li>Soziale Netzwerke: Jedes soziale Netzwerk verwendet seine eigenen Cookies, damit Sie auf Schaltfl\u00e4chen wie \"Gef\u00e4llt mir\" oder \"Teilen\" klicken k\u00f6nnen. Auf dieser Website sind Cookies von Facebook, Twitter und Google+ vorhanden. Wenn Sie ein Konto in einem dieser Netzwerke haben und dort eingeloggt sind, werden Cookies verwendet, damit Sie sich nicht erneut anmelden m\u00fcssen.<\/li><\/ul><h2>DEAKTIVIERUNG ODER L\u00d6SCHUNG VON COOKIES<\/h2><p>Sie k\u00f6nnen jederzeit von Ihrem Recht Gebrauch machen, Cookies auf dieser Website zu deaktivieren oder zu l\u00f6schen. Diese Aktionen werden je nach dem von Ihnen verwendeten Browser unterschiedlich ausgef\u00fchrt.<\/p><h2>ZUS\u00c4TZLICHE BEMERKUNGEN<\/h2><ul class=\"list-style list-style1\"><li>Weder diese Website noch ihre gesetzlichen Vertreter sind f\u00fcr den Inhalt oder die Richtigkeit der Datenschutzrichtlinien der in dieser Cookie-Richtlinie genannten Dritten verantwortlich.<\/li><li>Webbrowser sind die Werkzeuge, die f\u00fcr die Speicherung von Cookies verantwortlich sind, und von dieser Stelle aus m\u00fcssen Sie Ihr Recht aus\u00fcben, sie zu l\u00f6schen oder zu deaktivieren. Weder diese Website noch ihre gesetzlichen Vertreter k\u00f6nnen die korrekte oder inkorrekte Handhabung von Cookies durch die oben genannten Browser garantieren.<\/li><li>In einigen F\u00e4llen ist es notwendig, Cookies zu installieren, damit der Browser Ihre Entscheidung, sie nicht zu akzeptieren, nicht vergisst.<\/li><li>Im Falle von Google-Analytics-Cookies speichert Google die Cookies auf Servern in den Vereinigten Staaten und verpflichtet sich, sie nicht an Dritte weiterzugeben, es sei denn, dies ist f\u00fcr den Betrieb des Systems erforderlich oder gesetzlich vorgeschrieben. Nach Angaben von Google speichert Google Ihre IP-Adresse nicht. Google Inc. h\u00e4lt sich an das EU-US Privacy Shield Framework und das Swiss-US Privacy Shield Framework, die vom US-Handelsministerium in Bezug auf die Erfassung, Verwendung und Aufbewahrung von personenbezogenen Daten aus Mitgliedsl\u00e4ndern der Europ\u00e4ischen Union bzw. der Schweiz festgelegt wurden. Ausf\u00fchrliche Informationen hierzu finden Sie unter\u00a0<a href=\"https:\/\/www.privacyshield.gov\/Program-Overview\" target=\"_blank\" rel=\"noopener\">unter diesem Link<\/a>. Wenn Sie Informationen dar\u00fcber w\u00fcnschen, wie Google Cookies verwendet\u00a0<a href=\"https:\/\/developers.google.com\/analytics\/devguides\/collection\/analyticsjs\/cookie-usage?hl=es&amp;csw=1\" target=\"_blank\" rel=\"noopener\">Im Anhang finden Sie diesen anderen Link<\/a>.<\/li><li>Sollten Sie irgendwelche Zweifel oder Fragen zu dieser Cookie-Politik haben, z\u00f6gern Sie bitte nicht, uns \u00fcber den Kontaktbereich zu kontaktieren.<\/li><\/ul>\t\t\t\t\t\t\t\t<\/div>\n\t\t\t\t<\/div>\n\t\t\t\t\t<\/div>\n\t\t<\/div>\n\t\t\t\t\t<\/div>\n\t\t<\/section>\n\t\t\t\t<\/div>","protected":false},"excerpt":{"rendered":"<p>Pol\u00edtica de Cookies Una\u00a0cookie\u00a0es un peque\u00f1o fichero de texto que se almacena en su navegador cuando visita casi cualquier p\u00e1gina web. Su utilidad es que la web sea capaz de recordar su visita cuando vuelva a navegar por esa p\u00e1gina. Las\u00a0cookies\u00a0suelen almacenar informaci\u00f3n de car\u00e1cter t\u00e9cnico, preferencias personales, personalizaci\u00f3n de contenidos, estad\u00edsticas de uso, enlaces [&hellip;]<\/p>\n","protected":false},"author":14,"featured_media":0,"parent":0,"menu_order":0,"comment_status":"closed","ping_status":"closed","template":"","meta":{"footnotes":""},"class_list":["post-25917","page","type-page","status-publish","hentry"],"yoast_head":"<!-- This site is optimized with the Yoast SEO plugin v27.3 - https:\/\/yoast.com\/product\/yoast-seo-wordpress\/ -->\n<title>Pol\u00edtica de Cookies - JetSkiDream<\/title>\n<meta name=\"robots\" content=\"index, follow, max-snippet:-1, max-image-preview:large, max-video-preview:-1\" \/>\n<link rel=\"canonical\" href=\"https:\/\/jetskidream.com\/de\/politica-de-cookies\/\" \/>\n<meta property=\"og:locale\" content=\"de_DE\" \/>\n<meta property=\"og:type\" content=\"article\" \/>\n<meta property=\"og:title\" content=\"Pol\u00edtica de Cookies - JetSkiDream\" \/>\n<meta property=\"og:description\" content=\"Pol\u00edtica de Cookies Una\u00a0cookie\u00a0es un peque\u00f1o fichero de texto que se almacena en su navegador cuando visita casi cualquier p\u00e1gina web. Su utilidad es que la web sea capaz de recordar su visita cuando vuelva a navegar por esa p\u00e1gina. Las\u00a0cookies\u00a0suelen almacenar informaci\u00f3n de car\u00e1cter t\u00e9cnico, preferencias personales, personalizaci\u00f3n de contenidos, estad\u00edsticas de uso, enlaces [&hellip;]\" \/>\n<meta property=\"og:url\" content=\"https:\/\/jetskidream.com\/de\/politica-de-cookies\/\" \/>\n<meta property=\"og:site_name\" content=\"JetSkiDream\" \/>\n<meta property=\"article:modified_time\" content=\"2022-07-12T09:55:01+00:00\" \/>\n<meta name=\"twitter:card\" content=\"summary_large_image\" \/>\n<meta name=\"twitter:label1\" content=\"Gesch\u00e4tzte Lesezeit\" \/>\n\t<meta name=\"twitter:data1\" content=\"3\u00a0Minuten\" \/>\n<script type=\"application\/ld+json\" class=\"yoast-schema-graph\">{\"@context\":\"https:\\\/\\\/schema.org\",\"@graph\":[{\"@type\":\"WebPage\",\"@id\":\"https:\\\/\\\/jetskidream.com\\\/politica-de-cookies\\\/\",\"url\":\"https:\\\/\\\/jetskidream.com\\\/politica-de-cookies\\\/\",\"name\":\"Pol\u00edtica de Cookies - JetSkiDream\",\"isPartOf\":{\"@id\":\"https:\\\/\\\/jetskidream.com\\\/#website\"},\"datePublished\":\"2021-02-04T08:32:29+00:00\",\"dateModified\":\"2022-07-12T09:55:01+00:00\",\"breadcrumb\":{\"@id\":\"https:\\\/\\\/jetskidream.com\\\/politica-de-cookies\\\/#breadcrumb\"},\"inLanguage\":\"de\",\"potentialAction\":[{\"@type\":\"ReadAction\",\"target\":[\"https:\\\/\\\/jetskidream.com\\\/politica-de-cookies\\\/\"]}]},{\"@type\":\"BreadcrumbList\",\"@id\":\"https:\\\/\\\/jetskidream.com\\\/politica-de-cookies\\\/#breadcrumb\",\"itemListElement\":[{\"@type\":\"ListItem\",\"position\":1,\"name\":\"Home\",\"item\":\"https:\\\/\\\/jetskidream.com\\\/\"},{\"@type\":\"ListItem\",\"position\":2,\"name\":\"Pol\u00edtica de Cookies\"}]},{\"@type\":\"WebSite\",\"@id\":\"https:\\\/\\\/jetskidream.com\\\/#website\",\"url\":\"https:\\\/\\\/jetskidream.com\\\/\",\"name\":\"JetSkiDream\",\"description\":\"360\u00ba de oc\u00e9ano para ti\",\"publisher\":{\"@id\":\"https:\\\/\\\/jetskidream.com\\\/#organization\"},\"potentialAction\":[{\"@type\":\"SearchAction\",\"target\":{\"@type\":\"EntryPoint\",\"urlTemplate\":\"https:\\\/\\\/jetskidream.com\\\/?s={search_term_string}\"},\"query-input\":{\"@type\":\"PropertyValueSpecification\",\"valueRequired\":true,\"valueName\":\"search_term_string\"}}],\"inLanguage\":\"de\"},{\"@type\":\"Organization\",\"@id\":\"https:\\\/\\\/jetskidream.com\\\/#organization\",\"name\":\"JetSkiDream\",\"url\":\"https:\\\/\\\/jetskidream.com\\\/\",\"logo\":{\"@type\":\"ImageObject\",\"inLanguage\":\"de\",\"@id\":\"https:\\\/\\\/jetskidream.com\\\/#\\\/schema\\\/logo\\\/image\\\/\",\"url\":\"https:\\\/\\\/jetskidream.com\\\/wp-content\\\/uploads\\\/2021\\\/01\\\/logo-cop333ia0.png\",\"contentUrl\":\"https:\\\/\\\/jetskidream.com\\\/wp-content\\\/uploads\\\/2021\\\/01\\\/logo-cop333ia0.png\",\"width\":550,\"height\":173,\"caption\":\"JetSkiDream\"},\"image\":{\"@id\":\"https:\\\/\\\/jetskidream.com\\\/#\\\/schema\\\/logo\\\/image\\\/\"}}]}<\/script>\n<!-- \/ Yoast SEO plugin. -->","yoast_head_json":{"title":"Cookie-Richtlinie - JetSkiDream","robots":{"index":"index","follow":"follow","max-snippet":"max-snippet:-1","max-image-preview":"max-image-preview:large","max-video-preview":"max-video-preview:-1"},"canonical":"https:\/\/jetskidream.com\/de\/politica-de-cookies\/","og_locale":"de_DE","og_type":"article","og_title":"Pol\u00edtica de Cookies - JetSkiDream","og_description":"Pol\u00edtica de Cookies Una\u00a0cookie\u00a0es un peque\u00f1o fichero de texto que se almacena en su navegador cuando visita casi cualquier p\u00e1gina web. Su utilidad es que la web sea capaz de recordar su visita cuando vuelva a navegar por esa p\u00e1gina. Las\u00a0cookies\u00a0suelen almacenar informaci\u00f3n de car\u00e1cter t\u00e9cnico, preferencias personales, personalizaci\u00f3n de contenidos, estad\u00edsticas de uso, enlaces [&hellip;]","og_url":"https:\/\/jetskidream.com\/de\/politica-de-cookies\/","og_site_name":"JetSkiDream","article_modified_time":"2022-07-12T09:55:01+00:00","twitter_card":"summary_large_image","twitter_misc":{"Gesch\u00e4tzte Lesezeit":"3\u00a0Minuten"},"schema":{"@context":"https:\/\/schema.org","@graph":[{"@type":"WebPage","@id":"https:\/\/jetskidream.com\/politica-de-cookies\/","url":"https:\/\/jetskidream.com\/politica-de-cookies\/","name":"Cookie-Richtlinie - JetSkiDream","isPartOf":{"@id":"https:\/\/jetskidream.com\/#website"},"datePublished":"2021-02-04T08:32:29+00:00","dateModified":"2022-07-12T09:55:01+00:00","breadcrumb":{"@id":"https:\/\/jetskidream.com\/politica-de-cookies\/#breadcrumb"},"inLanguage":"de","potentialAction":[{"@type":"ReadAction","target":["https:\/\/jetskidream.com\/politica-de-cookies\/"]}]},{"@type":"BreadcrumbList","@id":"https:\/\/jetskidream.com\/politica-de-cookies\/#breadcrumb","itemListElement":[{"@type":"ListItem","position":1,"name":"Home","item":"https:\/\/jetskidream.com\/"},{"@type":"ListItem","position":2,"name":"Pol\u00edtica de Cookies"}]},{"@type":"WebSite","@id":"https:\/\/jetskidream.com\/#website","url":"https:\/\/jetskidream.com\/","name":"JetSkiDream","description":"360\u00ba des Ozeans f\u00fcr Sie","publisher":{"@id":"https:\/\/jetskidream.com\/#organization"},"potentialAction":[{"@type":"SearchAction","target":{"@type":"EntryPoint","urlTemplate":"https:\/\/jetskidream.com\/?s={search_term_string}"},"query-input":{"@type":"PropertyValueSpecification","valueRequired":true,"valueName":"search_term_string"}}],"inLanguage":"de"},{"@type":"Organization","@id":"https:\/\/jetskidream.com\/#organization","name":"JetSkiDream","url":"https:\/\/jetskidream.com\/","logo":{"@type":"ImageObject","inLanguage":"de","@id":"https:\/\/jetskidream.com\/#\/schema\/logo\/image\/","url":"https:\/\/jetskidream.com\/wp-content\/uploads\/2021\/01\/logo-cop333ia0.png","contentUrl":"https:\/\/jetskidream.com\/wp-content\/uploads\/2021\/01\/logo-cop333ia0.png","width":550,"height":173,"caption":"JetSkiDream"},"image":{"@id":"https:\/\/jetskidream.com\/#\/schema\/logo\/image\/"}}]}},"_links":{"self":[{"href":"https:\/\/jetskidream.com\/de\/wp-json\/wp\/v2\/pages\/25917","targetHints":{"allow":["GET"]}}],"collection":[{"href":"https:\/\/jetskidream.com\/de\/wp-json\/wp\/v2\/pages"}],"about":[{"href":"https:\/\/jetskidream.com\/de\/wp-json\/wp\/v2\/types\/page"}],"author":[{"embeddable":true,"href":"https:\/\/jetskidream.com\/de\/wp-json\/wp\/v2\/users\/14"}],"replies":[{"embeddable":true,"href":"https:\/\/jetskidream.com\/de\/wp-json\/wp\/v2\/comments?post=25917"}],"version-history":[{"count":0,"href":"https:\/\/jetskidream.com\/de\/wp-json\/wp\/v2\/pages\/25917\/revisions"}],"wp:attachment":[{"href":"https:\/\/jetskidream.com\/de\/wp-json\/wp\/v2\/media?parent=25917"}],"curies":[{"name":"wp","href":"https:\/\/api.w.org\/{rel}","templated":true}]}}