{"id":25959,"date":"2021-02-04T09:04:07","date_gmt":"2021-02-04T09:04:07","guid":{"rendered":"https:\/\/jetskidream.turitop.net\/?page_id=25959"},"modified":"2022-03-05T11:37:22","modified_gmt":"2022-03-05T11:37:22","slug":"cumplimiento-con-el-rgpd","status":"publish","type":"page","link":"https:\/\/jetskidream.com\/de\/cumplimiento-con-el-rgpd\/","title":{"rendered":"Einhaltung der GDPR"},"content":{"rendered":"<div data-elementor-type=\"wp-page\" data-elementor-id=\"25959\" class=\"elementor elementor-25959\" data-elementor-post-type=\"page\">\n\t\t\t\t\t\t<section data-particle_enable=\"false\" data-particle-mobile-disabled=\"false\" class=\"elementor-section elementor-top-section elementor-element elementor-element-37a7814 elementor-section-full_width elementor-section-stretched elementor-section-height-default elementor-section-height-default elementor-invisible\" data-id=\"37a7814\" data-element_type=\"section\" data-e-type=\"section\" data-settings=\"{&quot;stretch_section&quot;:&quot;section-stretched&quot;,&quot;animation&quot;:&quot;fadeInDown&quot;}\">\n\t\t\t\t\t\t\t<div class=\"elementor-background-overlay\"><\/div>\n\t\t\t\t\t\t\t<div class=\"elementor-container elementor-column-gap-default\">\n\t\t\t\t\t<div class=\"elementor-column elementor-col-100 elementor-top-column elementor-element elementor-element-e061c5e\" data-id=\"e061c5e\" data-element_type=\"column\" data-e-type=\"column\">\n\t\t\t<div class=\"elementor-widget-wrap elementor-element-populated\">\n\t\t\t\t\t\t<div class=\"elementor-element elementor-element-b4eae6c elementor-widget elementor-widget-heading\" data-id=\"b4eae6c\" data-element_type=\"widget\" data-e-type=\"widget\" data-widget_type=\"heading.default\">\n\t\t\t\t<div class=\"elementor-widget-container\">\n\t\t\t\t\t<h2 class=\"elementor-heading-title elementor-size-default\">GDPR<\/h2>\t\t\t\t<\/div>\n\t\t\t\t<\/div>\n\t\t\t\t<div class=\"elementor-element elementor-element-6fa07c7 elementor-widget elementor-widget-text-editor\" data-id=\"6fa07c7\" data-element_type=\"widget\" data-e-type=\"widget\" data-widget_type=\"text-editor.default\">\n\t\t\t\t<div class=\"elementor-widget-container\">\n\t\t\t\t\t\t\t\t\t<section class=\"sectionHeader scrollTarget scrollTarget-GDPR\"><div class=\"container\"><h2>EINHALTUNG DES RGPD<\/h2><div><p>Wir halten die Verordnung (EU) 2016\/679 des Europ\u00e4ischen Parlaments und des Rates vom 27. April 2016 (GDPR) ein.<\/p><p>\u00a0<\/p><\/div><\/div><\/section><section class=\"sectionContent\"><div class=\"container\"><div class=\"\"><h3>DIE ALLGEMEINE DATENSCHUTZVERORDNUNG (GDPR) IST EINE VERORDNUNG \u00dcBER DIE VERWENDUNG UND VERARBEITUNG PERSONENBEZOGENER DATEN, DIE ALLE EU-L\u00c4NDER BETRIFFT UND AB DEM 25. MAI 2018 VERBINDLICH IST.<\/h3><p>Diese neue Verordnung legt fest, dass alle Unternehmen, unabh\u00e4ngig von ihrem Herkunftsland oder ihrer T\u00e4tigkeit, sie einhalten m\u00fcssen, wenn sie Daten von EU-B\u00fcrgern jeglicher Art erheben, speichern, verarbeiten, nutzen oder verwalten.<\/p><p>JETSKIDREAM, S.L. sammelt und speichert die Daten seiner Kunden auf verantwortungsvolle Art und Weise und weist die Nutzer, die ihre Daten elektronisch \u00fcbermitteln, stets darauf hin, dass diese in eine firmeneigene Datenbank aufgenommen werden und dass sie das Recht haben, sie zu berichtigen und zu l\u00f6schen.<\/p><h3>IM FOLGENDEN WERDEN IN \u00dcBEREINSTIMMUNG MIT DER EUROP\u00c4ISCHEN DATENSCHUTZ-GRUNDVERORDNUNG DIE MERKMALE DER VERARBEITUNG, ERHEBUNG UND NUTZUNG DER DATEN, DIE VON DEN NUTZERN, KUNDEN UND LIEFERANTEN AN JETSKIDREAM, S.L. \u00dcBERMITTELT WERDEN, N\u00c4HER ERL\u00c4UTERT.<\/h3><p><strong>ZUST\u00c4NDIG<\/strong><\/p><p>JETSKIDREAM, S.L., mit CIF: B-21.589.320 und mit Steueranschrift in PASEO DEL PINILLO, 21400 - AYAMONTE (HUELVA). E-Mail: info@jetskidream.com<\/p><p><strong>ZWECKE<\/strong><\/p><p>Wir verarbeiten Ihre Daten f\u00fcr administrative, buchhalterische und steuerliche Zwecke sowie f\u00fcr den Online-Kauf von Produkten und den Versand von Mitteilungen.<\/p><p><strong>ERHALTUNG<\/strong><\/p><p>Die zur Verf\u00fcgung gestellten personenbezogenen Daten werden so lange aufbewahrt, wie die Beziehung zu uns aufrechterhalten wird und ihre L\u00f6schung nicht vom Betroffenen verlangt wird; sie werden gem\u00e4\u00df den gesetzlichen Fristen in Steuer- und Buchhaltungsangelegenheiten aufbewahrt, wobei von der letzten Mitteilung ausgegangen wird.<\/p><p><strong>ENTSCHEIDUNGEN<\/strong><\/p><p>Das Unternehmen trifft KEINE automatisierten Entscheidungen, erstellt keine Profile und wendet keine Logik auf Ihre Daten an.<\/p><p><strong>LEGITIMIT\u00c4T<\/strong><\/p><p>Weil die Verarbeitung f\u00fcr die Durchf\u00fchrung eines wirtschaftlichen Angebots, die Bereitstellung von Informationen oder einen Handelsvertrag, an dem der Nutzer beteiligt sein kann, erforderlich ist. Da die \u00dcbermittlung personenbezogener Daten ein gesetzliches oder vertragliches Erfordernis und eine notwendige Voraussetzung f\u00fcr den Abschluss eines Vertrages ist, werden die betroffenen Personen dar\u00fcber informiert, dass sie verpflichtet sind, die personenbezogenen Daten zu \u00fcbermitteln, und dass die Folgen einer Nicht\u00fcbermittlung dazu f\u00fchren k\u00f6nnen, dass die angeforderte Dienstleistung nicht erbracht wird.<\/p><p><strong>TARGET<\/strong><\/p><p>F\u00fcr die Dauer der Verarbeitung wird JETSKIDREAM, S.L. keine \u00dcbermittlung vornehmen, es sei denn, sie ist gesetzlich dazu verpflichtet, und wird auch keinerlei \u00dcbermittlung vornehmen.<\/p><p><strong>RECHTE<\/strong><\/p><p>Die Nutzer k\u00f6nnen die folgenden Rechte aus\u00fcben:<\/p><ul><li>Zugang zu Ihren pers\u00f6nlichen Daten beantragen.<\/li><li>die Berichtigung oder L\u00f6schung der Daten zu verlangen.<\/li><li>die Einschr\u00e4nkung ihrer Verarbeitung beantragen.<\/li><li>Entgegengesetzte Behandlung.<\/li><li>Beantragen Sie Daten\u00fcbertragbarkeit.<\/li><li>Zustimmung zur\u00fcckziehen.<\/li><\/ul><p>Jede Person hat das Recht, eine Best\u00e4tigung dar\u00fcber zu erhalten, ob wir sie betreffende personenbezogene Daten verarbeiten oder nicht. Die Betroffenen haben das Recht, auf ihre personenbezogenen Daten zuzugreifen sowie die Berichtigung unrichtiger Daten oder gegebenenfalls deren L\u00f6schung zu verlangen, wenn die Daten unter anderem f\u00fcr die Zwecke, f\u00fcr die sie erhoben wurden, nicht mehr erforderlich sind.<\/p><p>Unter bestimmten Umst\u00e4nden k\u00f6nnen betroffene Personen verlangen, dass wir die Verarbeitung ihrer Daten einschr\u00e4nken; in diesem Fall werden wir die Daten nur zum Zweck der Geltendmachung oder Abwehr von Anspr\u00fcchen aufbewahren. Unter bestimmten Umst\u00e4nden und aus Gr\u00fcnden, die sich aus ihrer besonderen Situation ergeben, k\u00f6nnen die betroffenen Personen der Verarbeitung ihrer Daten widersprechen. In diesem Fall stellen wir die Verarbeitung der Daten ein, es sei denn, es liegen zwingende berechtigte Gr\u00fcnde vor oder es geht um die Geltendmachung oder Abwehr von Anspr\u00fcchen.<\/p><p>Wenn Sie Ihre Einwilligung f\u00fcr einen bestimmten Zweck erteilt haben, haben Sie das Recht, die erteilte Einwilligung jederzeit zu widerrufen, ohne dass dies Auswirkungen auf den Antrag auf Verarbeitung hat, der auf der Einwilligung vor deren Widerruf beruht. Zu diesem Zweck k\u00f6nnen Sie an JETSKIDREAM, S.L. schreiben. (Datenverarbeitung) - PASEO DEL PINILLO, 11, 21400 - AYAMONTE (HUELVA). Sie k\u00f6nnen auch eine E-Mail senden an: info@jetskidream.com<\/p><p>Gem\u00e4\u00df Artikel 21 des Gesetzes 34\/2002 \u00fcber die Dienste der Informationsgesellschaft und den elektronischen Gesch\u00e4ftsverkehr k\u00f6nnen Sie, wenn Sie keine weiteren Informationen \u00fcber unsere Dienste erhalten m\u00f6chten, diese abbestellen, indem Sie auf den Link \"Abbestellen\" klicken, den Sie in allen unseren Mitteilungen finden, sowohl in denen, die elektronisch als auch per Post verschickt werden. Sie k\u00f6nnen dies auch tun, indem Sie direkt auf diesen Link klicken.<\/p><p>Die Nutzer unserer Online-Handelsplattform haben das Recht auf \u00dcbertragbarkeit, das es ihnen erm\u00f6glicht, eine Datei mit ihren personenbezogenen Daten in einem strukturierten, allgemein gebr\u00e4uchlichen und maschinenlesbaren Format anzufordern, um sie an eine andere Stelle zu \u00fcbermitteln. Zu diesem Zweck k\u00f6nnen Sie an JETSKIDREAM, S.L. schreiben. (Datenverarbeitung) - PASEO DEL PINILLO, 11, 21400 - AYAMONTE (HUELVA). Sie k\u00f6nnen auch eine E-Mail senden an: info@jetskidream.com. Aufgrund der Sensibilit\u00e4t dieser Daten wird JETSKIDREAM, S.L. die notwendigen Ma\u00dfnahmen ergreifen, um die Identit\u00e4t des Antragstellers zu \u00fcberpr\u00fcfen und sicherzustellen, dass diese mit den Daten \u00fcbereinstimmt, auf die Sie zugreifen m\u00f6chten.<\/p><p><strong>HERKUNFT DER DATEN<\/strong><\/p><p>Die pers\u00f6nlichen Daten, die wir bei JETSKIDREAM, S.L. verarbeiten, werden ausschlie\u00dflich von den Interessenten zur Verf\u00fcgung gestellt, die ihre Daten im Rahmen der in unserer Datenschutzpolitik dargelegten Vereinbarung zur Verf\u00fcgung stellen. Diese Daten werden \u00fcber unsere Websites oder per Telefon erhoben, wenn der Interessent sie bewusst und freiwillig angibt, um Informationen anzufordern oder eine Bestellung aufzugeben.<\/p><p>Die Kategorien der verarbeiteten Daten sind:<\/p><ul><li>Daten zur Identifizierung<\/li><li>Identifizierungscodes oder Schl\u00fcssel<\/li><li>Post- und E-Mail-Adressen<\/li><li>Kommerzielle Informationen<\/li><li>Wirtschaftliche Daten<\/li><li>Bestellungen und K\u00e4ufe unserer Produkte oder Dienstleistungen durch den Interessenten<\/li><\/ul><p>Es werden keine besonders gesch\u00fctzten Daten verarbeitet.<\/p><\/div><\/div><\/section>\t\t\t\t\t\t\t\t<\/div>\n\t\t\t\t<\/div>\n\t\t\t\t\t<\/div>\n\t\t<\/div>\n\t\t\t\t\t<\/div>\n\t\t<\/section>\n\t\t\t\t<\/div>","protected":false},"excerpt":{"rendered":"<p>RGPD CUMPLIMIENTO CON EL RGPD Cumplimos con Reglamento (UE) 2016\/679 del Parlamento Europeo y del Consejo de 27 de Abril de 2016 (RGPD) \u00a0 EL REGLAMENTO GENERAL DE PROTECCI\u00d3N DE DATOS (RGPD) ES UNA NORMA SOBRE EL USO Y TRATAMIENTO DE DATOS PERSONALES QUE AFECTA A TODOS LOS PA\u00cdSES DE LA UNI\u00d3N EUROPEA Y ES [&hellip;]<\/p>\n","protected":false},"author":14,"featured_media":0,"parent":0,"menu_order":0,"comment_status":"closed","ping_status":"closed","template":"","meta":{"footnotes":""},"class_list":["post-25959","page","type-page","status-publish","hentry"],"yoast_head":"<!-- This site is optimized with the Yoast SEO plugin v27.4 - https:\/\/yoast.com\/product\/yoast-seo-wordpress\/ -->\n<title>Cumplimiento con el RGPD - JetSkiDream<\/title>\n<meta name=\"robots\" content=\"index, follow, max-snippet:-1, max-image-preview:large, max-video-preview:-1\" \/>\n<link rel=\"canonical\" href=\"http:\/\/jetskidream.com\/de\/cumplimiento-con-el-rgpd\/\" \/>\n<meta property=\"og:locale\" content=\"de_DE\" \/>\n<meta property=\"og:type\" content=\"article\" \/>\n<meta property=\"og:title\" content=\"Cumplimiento con el RGPD - JetSkiDream\" \/>\n<meta property=\"og:description\" content=\"RGPD CUMPLIMIENTO CON EL RGPD Cumplimos con Reglamento (UE) 2016\/679 del Parlamento Europeo y del Consejo de 27 de Abril de 2016 (RGPD) \u00a0 EL REGLAMENTO GENERAL DE PROTECCI\u00d3N DE DATOS (RGPD) ES UNA NORMA SOBRE EL USO Y TRATAMIENTO DE DATOS PERSONALES QUE AFECTA A TODOS LOS PA\u00cdSES DE LA UNI\u00d3N EUROPEA Y ES [&hellip;]\" \/>\n<meta property=\"og:url\" content=\"http:\/\/jetskidream.com\/de\/cumplimiento-con-el-rgpd\/\" \/>\n<meta property=\"og:site_name\" content=\"JetSkiDream\" \/>\n<meta property=\"article:modified_time\" content=\"2022-03-05T11:37:22+00:00\" \/>\n<meta name=\"twitter:card\" content=\"summary_large_image\" \/>\n<meta name=\"twitter:label1\" content=\"Gesch\u00e4tzte Lesezeit\" \/>\n\t<meta name=\"twitter:data1\" content=\"4\u00a0Minuten\" \/>\n<script type=\"application\/ld+json\" class=\"yoast-schema-graph\">{\"@context\":\"https:\\\/\\\/schema.org\",\"@graph\":[{\"@type\":\"WebPage\",\"@id\":\"http:\\\/\\\/jetskidream.com\\\/de\\\/cumplimiento-con-el-rgpd\\\/\",\"url\":\"http:\\\/\\\/jetskidream.com\\\/de\\\/cumplimiento-con-el-rgpd\\\/\",\"name\":\"Cumplimiento con el RGPD - JetSkiDream\",\"isPartOf\":{\"@id\":\"https:\\\/\\\/jetskidream.com\\\/#website\"},\"datePublished\":\"2021-02-04T09:04:07+00:00\",\"dateModified\":\"2022-03-05T11:37:22+00:00\",\"breadcrumb\":{\"@id\":\"http:\\\/\\\/jetskidream.com\\\/de\\\/cumplimiento-con-el-rgpd\\\/#breadcrumb\"},\"inLanguage\":\"de\",\"potentialAction\":[{\"@type\":\"ReadAction\",\"target\":[\"http:\\\/\\\/jetskidream.com\\\/de\\\/cumplimiento-con-el-rgpd\\\/\"]}]},{\"@type\":\"BreadcrumbList\",\"@id\":\"http:\\\/\\\/jetskidream.com\\\/de\\\/cumplimiento-con-el-rgpd\\\/#breadcrumb\",\"itemListElement\":[{\"@type\":\"ListItem\",\"position\":1,\"name\":\"Home\",\"item\":\"https:\\\/\\\/jetskidream.com\\\/\"},{\"@type\":\"ListItem\",\"position\":2,\"name\":\"Cumplimiento con el RGPD\"}]},{\"@type\":\"WebSite\",\"@id\":\"https:\\\/\\\/jetskidream.com\\\/#website\",\"url\":\"https:\\\/\\\/jetskidream.com\\\/\",\"name\":\"JetSkiDream\",\"description\":\"360\u00ba de oc\u00e9ano para ti\",\"publisher\":{\"@id\":\"https:\\\/\\\/jetskidream.com\\\/#organization\"},\"potentialAction\":[{\"@type\":\"SearchAction\",\"target\":{\"@type\":\"EntryPoint\",\"urlTemplate\":\"https:\\\/\\\/jetskidream.com\\\/?s={search_term_string}\"},\"query-input\":{\"@type\":\"PropertyValueSpecification\",\"valueRequired\":true,\"valueName\":\"search_term_string\"}}],\"inLanguage\":\"de\"},{\"@type\":\"Organization\",\"@id\":\"https:\\\/\\\/jetskidream.com\\\/#organization\",\"name\":\"JetSkiDream\",\"url\":\"https:\\\/\\\/jetskidream.com\\\/\",\"logo\":{\"@type\":\"ImageObject\",\"inLanguage\":\"de\",\"@id\":\"https:\\\/\\\/jetskidream.com\\\/#\\\/schema\\\/logo\\\/image\\\/\",\"url\":\"https:\\\/\\\/jetskidream.com\\\/wp-content\\\/uploads\\\/2021\\\/01\\\/logo-cop333ia0.png\",\"contentUrl\":\"https:\\\/\\\/jetskidream.com\\\/wp-content\\\/uploads\\\/2021\\\/01\\\/logo-cop333ia0.png\",\"width\":550,\"height\":173,\"caption\":\"JetSkiDream\"},\"image\":{\"@id\":\"https:\\\/\\\/jetskidream.com\\\/#\\\/schema\\\/logo\\\/image\\\/\"}}]}<\/script>\n<!-- \/ Yoast SEO plugin. -->","yoast_head_json":{"title":"Cumplimiento con el RGPD - JetSkiDream","robots":{"index":"index","follow":"follow","max-snippet":"max-snippet:-1","max-image-preview":"max-image-preview:large","max-video-preview":"max-video-preview:-1"},"canonical":"http:\/\/jetskidream.com\/de\/cumplimiento-con-el-rgpd\/","og_locale":"de_DE","og_type":"article","og_title":"Cumplimiento con el RGPD - JetSkiDream","og_description":"RGPD CUMPLIMIENTO CON EL RGPD Cumplimos con Reglamento (UE) 2016\/679 del Parlamento Europeo y del Consejo de 27 de Abril de 2016 (RGPD) \u00a0 EL REGLAMENTO GENERAL DE PROTECCI\u00d3N DE DATOS (RGPD) ES UNA NORMA SOBRE EL USO Y TRATAMIENTO DE DATOS PERSONALES QUE AFECTA A TODOS LOS PA\u00cdSES DE LA UNI\u00d3N EUROPEA Y ES [&hellip;]","og_url":"http:\/\/jetskidream.com\/de\/cumplimiento-con-el-rgpd\/","og_site_name":"JetSkiDream","article_modified_time":"2022-03-05T11:37:22+00:00","twitter_card":"summary_large_image","twitter_misc":{"Gesch\u00e4tzte Lesezeit":"4\u00a0Minuten"},"schema":{"@context":"https:\/\/schema.org","@graph":[{"@type":"WebPage","@id":"http:\/\/jetskidream.com\/de\/cumplimiento-con-el-rgpd\/","url":"http:\/\/jetskidream.com\/de\/cumplimiento-con-el-rgpd\/","name":"Cumplimiento con el RGPD - JetSkiDream","isPartOf":{"@id":"https:\/\/jetskidream.com\/#website"},"datePublished":"2021-02-04T09:04:07+00:00","dateModified":"2022-03-05T11:37:22+00:00","breadcrumb":{"@id":"http:\/\/jetskidream.com\/de\/cumplimiento-con-el-rgpd\/#breadcrumb"},"inLanguage":"de","potentialAction":[{"@type":"ReadAction","target":["http:\/\/jetskidream.com\/de\/cumplimiento-con-el-rgpd\/"]}]},{"@type":"BreadcrumbList","@id":"http:\/\/jetskidream.com\/de\/cumplimiento-con-el-rgpd\/#breadcrumb","itemListElement":[{"@type":"ListItem","position":1,"name":"Home","item":"https:\/\/jetskidream.com\/"},{"@type":"ListItem","position":2,"name":"Cumplimiento con el RGPD"}]},{"@type":"WebSite","@id":"https:\/\/jetskidream.com\/#website","url":"https:\/\/jetskidream.com\/","name":"JetSkiDream","description":"360\u00ba des Ozeans f\u00fcr Sie","publisher":{"@id":"https:\/\/jetskidream.com\/#organization"},"potentialAction":[{"@type":"SearchAction","target":{"@type":"EntryPoint","urlTemplate":"https:\/\/jetskidream.com\/?s={search_term_string}"},"query-input":{"@type":"PropertyValueSpecification","valueRequired":true,"valueName":"search_term_string"}}],"inLanguage":"de"},{"@type":"Organization","@id":"https:\/\/jetskidream.com\/#organization","name":"JetSkiDream","url":"https:\/\/jetskidream.com\/","logo":{"@type":"ImageObject","inLanguage":"de","@id":"https:\/\/jetskidream.com\/#\/schema\/logo\/image\/","url":"https:\/\/jetskidream.com\/wp-content\/uploads\/2021\/01\/logo-cop333ia0.png","contentUrl":"https:\/\/jetskidream.com\/wp-content\/uploads\/2021\/01\/logo-cop333ia0.png","width":550,"height":173,"caption":"JetSkiDream"},"image":{"@id":"https:\/\/jetskidream.com\/#\/schema\/logo\/image\/"}}]}},"_links":{"self":[{"href":"https:\/\/jetskidream.com\/de\/wp-json\/wp\/v2\/pages\/25959","targetHints":{"allow":["GET"]}}],"collection":[{"href":"https:\/\/jetskidream.com\/de\/wp-json\/wp\/v2\/pages"}],"about":[{"href":"https:\/\/jetskidream.com\/de\/wp-json\/wp\/v2\/types\/page"}],"author":[{"embeddable":true,"href":"https:\/\/jetskidream.com\/de\/wp-json\/wp\/v2\/users\/14"}],"replies":[{"embeddable":true,"href":"https:\/\/jetskidream.com\/de\/wp-json\/wp\/v2\/comments?post=25959"}],"version-history":[{"count":0,"href":"https:\/\/jetskidream.com\/de\/wp-json\/wp\/v2\/pages\/25959\/revisions"}],"wp:attachment":[{"href":"https:\/\/jetskidream.com\/de\/wp-json\/wp\/v2\/media?parent=25959"}],"curies":[{"name":"wp","href":"https:\/\/api.w.org\/{rel}","templated":true}]}}