{"id":25917,"date":"2021-02-04T08:32:29","date_gmt":"2021-02-04T08:32:29","guid":{"rendered":"https:\/\/jetskidream.turitop.net\/?page_id=25917"},"modified":"2022-07-12T11:55:01","modified_gmt":"2022-07-12T09:55:01","slug":"politica-de-cookies","status":"publish","type":"page","link":"https:\/\/jetskidream.com\/en\/politica-de-cookies\/","title":{"rendered":"Cookie Policy"},"content":{"rendered":"<div data-elementor-type=\"wp-page\" data-elementor-id=\"25917\" class=\"elementor elementor-25917\" data-elementor-post-type=\"page\">\n\t\t\t\t\t\t<section data-particle_enable=\"false\" data-particle-mobile-disabled=\"false\" class=\"elementor-section elementor-top-section elementor-element elementor-element-694e50f6 elementor-section-boxed elementor-section-height-default elementor-section-height-default\" data-id=\"694e50f6\" data-element_type=\"section\" data-e-type=\"section\" data-settings=\"{&quot;background_background&quot;:&quot;classic&quot;}\">\n\t\t\t\t\t\t\t<div class=\"elementor-background-overlay\"><\/div>\n\t\t\t\t\t\t\t<div class=\"elementor-container elementor-column-gap-default\">\n\t\t\t\t\t<div class=\"elementor-column elementor-col-100 elementor-top-column elementor-element elementor-element-7ea88104\" data-id=\"7ea88104\" data-element_type=\"column\" data-e-type=\"column\">\n\t\t\t<div class=\"elementor-widget-wrap elementor-element-populated\">\n\t\t\t\t\t\t<div class=\"elementor-element elementor-element-1f27ffce elementor-widget elementor-widget-heading\" data-id=\"1f27ffce\" data-element_type=\"widget\" data-e-type=\"widget\" data-widget_type=\"heading.default\">\n\t\t\t\t<div class=\"elementor-widget-container\">\n\t\t\t\t\t<h1 class=\"elementor-heading-title elementor-size-default\">Cookie Policy<\/h1>\t\t\t\t<\/div>\n\t\t\t\t<\/div>\n\t\t\t\t\t<\/div>\n\t\t<\/div>\n\t\t\t\t\t<\/div>\n\t\t<\/section>\n\t\t\t\t<section data-particle_enable=\"false\" data-particle-mobile-disabled=\"false\" class=\"elementor-section elementor-top-section elementor-element elementor-element-d8d86c9 elementor-section-boxed elementor-section-height-default elementor-section-height-default\" data-id=\"d8d86c9\" data-element_type=\"section\" data-e-type=\"section\">\n\t\t\t\t\t\t<div class=\"elementor-container elementor-column-gap-default\">\n\t\t\t\t\t<div class=\"elementor-column elementor-col-100 elementor-top-column elementor-element elementor-element-6f2c748\" data-id=\"6f2c748\" data-element_type=\"column\" data-e-type=\"column\">\n\t\t\t<div class=\"elementor-widget-wrap elementor-element-populated\">\n\t\t\t\t\t\t<div class=\"elementor-element elementor-element-fd8acde elementor-widget elementor-widget-text-editor\" data-id=\"fd8acde\" data-element_type=\"widget\" data-e-type=\"widget\" data-widget_type=\"text-editor.default\">\n\t\t\t\t<div class=\"elementor-widget-container\">\n\t\t\t\t\t\t\t\t\t<p>A cookie is a small text file that is stored in your browser when you visit almost any website. Its usefulness is that the web is able to remember your visit when you return to browse that page. Cookies usually store technical information, personal preferences, personalization of content, usage statistics, links to social networks, access to user accounts, etc.. The purpose of the cookie is to adapt the content of the web to your profile and needs, without cookies the services offered by any page would be significantly diminished.<\/p><h2>COOKIES USED ON THIS WEBSITE<\/h2><p>Following the guidelines of the Spanish Data Protection Agency we proceed to detail the use of cookies that makes this website in order to inform you as accurately as possible.<\/p><h2>THIS WEBSITE USES THE FOLLOWING OWN COOKIES:<\/h2><ul class=\"list-style list-style1\"><li>Session cookies, to facilitate access to the customer area.<\/li><\/ul><h2>THIS WEBSITE USES THE FOLLOWING THIRD PARTY COOKIES:<\/h2><ul class=\"list-style list-style1\"><li>Google Analytics: Stores cookies to compile statistics on traffic and volume of visits to this website. By using this website you are consenting to the processing of information about you by Google. Therefore, the exercise of any rights in this regard should do so by communicating directly with Google.<\/li><li>Social networks: Each social network uses its own cookies so that you can click on buttons such as Like or Share. Cookies from Facebook, Twitter and Google+ are present on this website. If you have an account on one of these networks and you are logged in to it, cookies are used to prevent you from having to log in again.<\/li><\/ul><h2>DISABLING OR DELETING COOKIES<\/h2><p>You may exercise your right to disable or delete cookies from this website at any time. These actions are performed differently depending on the browser you are using.<\/p><h2>ADDITIONAL REMARKS<\/h2><ul class=\"list-style list-style1\"><li>Neither this website nor its legal representatives are responsible for the content or the veracity of the privacy policies that third parties mentioned in this cookies policy may have.<\/li><li>Web browsers are the tools responsible for storing cookies and from this place you should make your right to removal or disabling them. Neither this website nor its legal representatives can guarantee the correct or incorrect handling of cookies by the aforementioned browsers.<\/li><li>In some cases it is necessary to install cookies so that the browser does not forget your decision not to accept them.<\/li><li>In the case of Google Analytics cookies, this company stores cookies on servers located in the United States and undertakes not to share it with third parties, except in cases where it is necessary for the operation of the system or when the law requires it to that effect. According to Google does not store your IP address. Google Inc. complies with the EU-US Privacy Shield Framework and Swiss-US Privacy Shield Framework as set forth by the U.S. Department of Commerce regarding the collection, use and retention of personal information from member countries of the European Union and Switzerland, respectively. Detailed information in this regard can be found at\u00a0<a href=\"https:\/\/www.privacyshield.gov\/Program-Overview\" target=\"_blank\" rel=\"noopener\">in this link<\/a>. If you would like information about how Google uses cookies\u00a0<a href=\"https:\/\/developers.google.com\/analytics\/devguides\/collection\/analyticsjs\/cookie-usage?hl=es&amp;csw=1\" target=\"_blank\" rel=\"noopener\">please find attached this other link<\/a>.<\/li><li>If you have any doubts or queries about this cookies policy, please do not hesitate to contact us through the contact section.<\/li><\/ul>\t\t\t\t\t\t\t\t<\/div>\n\t\t\t\t<\/div>\n\t\t\t\t\t<\/div>\n\t\t<\/div>\n\t\t\t\t\t<\/div>\n\t\t<\/section>\n\t\t\t\t<\/div>","protected":false},"excerpt":{"rendered":"<p>Pol\u00edtica de Cookies Una\u00a0cookie\u00a0es un peque\u00f1o fichero de texto que se almacena en su navegador cuando visita casi cualquier p\u00e1gina web. Su utilidad es que la web sea capaz de recordar su visita cuando vuelva a navegar por esa p\u00e1gina. Las\u00a0cookies\u00a0suelen almacenar informaci\u00f3n de car\u00e1cter t\u00e9cnico, preferencias personales, personalizaci\u00f3n de contenidos, estad\u00edsticas de uso, enlaces [&hellip;]<\/p>\n","protected":false},"author":14,"featured_media":0,"parent":0,"menu_order":0,"comment_status":"closed","ping_status":"closed","template":"","meta":{"footnotes":""},"class_list":["post-25917","page","type-page","status-publish","hentry"],"yoast_head":"<!-- This site is optimized with the Yoast SEO plugin v27.4 - https:\/\/yoast.com\/product\/yoast-seo-wordpress\/ -->\n<title>Pol\u00edtica de Cookies - JetSkiDream<\/title>\n<meta name=\"robots\" content=\"index, follow, max-snippet:-1, max-image-preview:large, max-video-preview:-1\" \/>\n<link rel=\"canonical\" href=\"https:\/\/jetskidream.com\/en\/politica-de-cookies\/\" \/>\n<meta property=\"og:locale\" content=\"en_GB\" \/>\n<meta property=\"og:type\" content=\"article\" \/>\n<meta property=\"og:title\" content=\"Pol\u00edtica de Cookies - JetSkiDream\" \/>\n<meta property=\"og:description\" content=\"Pol\u00edtica de Cookies Una\u00a0cookie\u00a0es un peque\u00f1o fichero de texto que se almacena en su navegador cuando visita casi cualquier p\u00e1gina web. Su utilidad es que la web sea capaz de recordar su visita cuando vuelva a navegar por esa p\u00e1gina. Las\u00a0cookies\u00a0suelen almacenar informaci\u00f3n de car\u00e1cter t\u00e9cnico, preferencias personales, personalizaci\u00f3n de contenidos, estad\u00edsticas de uso, enlaces [&hellip;]\" \/>\n<meta property=\"og:url\" content=\"https:\/\/jetskidream.com\/en\/politica-de-cookies\/\" \/>\n<meta property=\"og:site_name\" content=\"JetSkiDream\" \/>\n<meta property=\"article:modified_time\" content=\"2022-07-12T09:55:01+00:00\" \/>\n<meta name=\"twitter:card\" content=\"summary_large_image\" \/>\n<meta name=\"twitter:label1\" content=\"Estimated reading time\" \/>\n\t<meta name=\"twitter:data1\" content=\"3 minutes\" \/>\n<script type=\"application\/ld+json\" class=\"yoast-schema-graph\">{\"@context\":\"https:\\\/\\\/schema.org\",\"@graph\":[{\"@type\":\"WebPage\",\"@id\":\"https:\\\/\\\/jetskidream.com\\\/politica-de-cookies\\\/\",\"url\":\"https:\\\/\\\/jetskidream.com\\\/politica-de-cookies\\\/\",\"name\":\"Pol\u00edtica de Cookies - JetSkiDream\",\"isPartOf\":{\"@id\":\"https:\\\/\\\/jetskidream.com\\\/#website\"},\"datePublished\":\"2021-02-04T08:32:29+00:00\",\"dateModified\":\"2022-07-12T09:55:01+00:00\",\"breadcrumb\":{\"@id\":\"https:\\\/\\\/jetskidream.com\\\/politica-de-cookies\\\/#breadcrumb\"},\"inLanguage\":\"en-GB\",\"potentialAction\":[{\"@type\":\"ReadAction\",\"target\":[\"https:\\\/\\\/jetskidream.com\\\/politica-de-cookies\\\/\"]}]},{\"@type\":\"BreadcrumbList\",\"@id\":\"https:\\\/\\\/jetskidream.com\\\/politica-de-cookies\\\/#breadcrumb\",\"itemListElement\":[{\"@type\":\"ListItem\",\"position\":1,\"name\":\"Home\",\"item\":\"https:\\\/\\\/jetskidream.com\\\/\"},{\"@type\":\"ListItem\",\"position\":2,\"name\":\"Pol\u00edtica de Cookies\"}]},{\"@type\":\"WebSite\",\"@id\":\"https:\\\/\\\/jetskidream.com\\\/#website\",\"url\":\"https:\\\/\\\/jetskidream.com\\\/\",\"name\":\"JetSkiDream\",\"description\":\"360\u00ba de oc\u00e9ano para ti\",\"publisher\":{\"@id\":\"https:\\\/\\\/jetskidream.com\\\/#organization\"},\"potentialAction\":[{\"@type\":\"SearchAction\",\"target\":{\"@type\":\"EntryPoint\",\"urlTemplate\":\"https:\\\/\\\/jetskidream.com\\\/?s={search_term_string}\"},\"query-input\":{\"@type\":\"PropertyValueSpecification\",\"valueRequired\":true,\"valueName\":\"search_term_string\"}}],\"inLanguage\":\"en-GB\"},{\"@type\":\"Organization\",\"@id\":\"https:\\\/\\\/jetskidream.com\\\/#organization\",\"name\":\"JetSkiDream\",\"url\":\"https:\\\/\\\/jetskidream.com\\\/\",\"logo\":{\"@type\":\"ImageObject\",\"inLanguage\":\"en-GB\",\"@id\":\"https:\\\/\\\/jetskidream.com\\\/#\\\/schema\\\/logo\\\/image\\\/\",\"url\":\"https:\\\/\\\/jetskidream.com\\\/wp-content\\\/uploads\\\/2021\\\/01\\\/logo-cop333ia0.png\",\"contentUrl\":\"https:\\\/\\\/jetskidream.com\\\/wp-content\\\/uploads\\\/2021\\\/01\\\/logo-cop333ia0.png\",\"width\":550,\"height\":173,\"caption\":\"JetSkiDream\"},\"image\":{\"@id\":\"https:\\\/\\\/jetskidream.com\\\/#\\\/schema\\\/logo\\\/image\\\/\"}}]}<\/script>\n<!-- \/ Yoast SEO plugin. -->","yoast_head_json":{"title":"Pol\u00edtica de Cookies - JetSkiDream","robots":{"index":"index","follow":"follow","max-snippet":"max-snippet:-1","max-image-preview":"max-image-preview:large","max-video-preview":"max-video-preview:-1"},"canonical":"https:\/\/jetskidream.com\/en\/politica-de-cookies\/","og_locale":"en_GB","og_type":"article","og_title":"Pol\u00edtica de Cookies - JetSkiDream","og_description":"Pol\u00edtica de Cookies Una\u00a0cookie\u00a0es un peque\u00f1o fichero de texto que se almacena en su navegador cuando visita casi cualquier p\u00e1gina web. Su utilidad es que la web sea capaz de recordar su visita cuando vuelva a navegar por esa p\u00e1gina. Las\u00a0cookies\u00a0suelen almacenar informaci\u00f3n de car\u00e1cter t\u00e9cnico, preferencias personales, personalizaci\u00f3n de contenidos, estad\u00edsticas de uso, enlaces [&hellip;]","og_url":"https:\/\/jetskidream.com\/en\/politica-de-cookies\/","og_site_name":"JetSkiDream","article_modified_time":"2022-07-12T09:55:01+00:00","twitter_card":"summary_large_image","twitter_misc":{"Estimated reading time":"3 minutes"},"schema":{"@context":"https:\/\/schema.org","@graph":[{"@type":"WebPage","@id":"https:\/\/jetskidream.com\/politica-de-cookies\/","url":"https:\/\/jetskidream.com\/politica-de-cookies\/","name":"Pol\u00edtica de Cookies - JetSkiDream","isPartOf":{"@id":"https:\/\/jetskidream.com\/#website"},"datePublished":"2021-02-04T08:32:29+00:00","dateModified":"2022-07-12T09:55:01+00:00","breadcrumb":{"@id":"https:\/\/jetskidream.com\/politica-de-cookies\/#breadcrumb"},"inLanguage":"en-GB","potentialAction":[{"@type":"ReadAction","target":["https:\/\/jetskidream.com\/politica-de-cookies\/"]}]},{"@type":"BreadcrumbList","@id":"https:\/\/jetskidream.com\/politica-de-cookies\/#breadcrumb","itemListElement":[{"@type":"ListItem","position":1,"name":"Home","item":"https:\/\/jetskidream.com\/"},{"@type":"ListItem","position":2,"name":"Pol\u00edtica de Cookies"}]},{"@type":"WebSite","@id":"https:\/\/jetskidream.com\/#website","url":"https:\/\/jetskidream.com\/","name":"JetSkiDream","description":"360\u00ba of ocean for you","publisher":{"@id":"https:\/\/jetskidream.com\/#organization"},"potentialAction":[{"@type":"SearchAction","target":{"@type":"EntryPoint","urlTemplate":"https:\/\/jetskidream.com\/?s={search_term_string}"},"query-input":{"@type":"PropertyValueSpecification","valueRequired":true,"valueName":"search_term_string"}}],"inLanguage":"en-GB"},{"@type":"Organization","@id":"https:\/\/jetskidream.com\/#organization","name":"JetSkiDream","url":"https:\/\/jetskidream.com\/","logo":{"@type":"ImageObject","inLanguage":"en-GB","@id":"https:\/\/jetskidream.com\/#\/schema\/logo\/image\/","url":"https:\/\/jetskidream.com\/wp-content\/uploads\/2021\/01\/logo-cop333ia0.png","contentUrl":"https:\/\/jetskidream.com\/wp-content\/uploads\/2021\/01\/logo-cop333ia0.png","width":550,"height":173,"caption":"JetSkiDream"},"image":{"@id":"https:\/\/jetskidream.com\/#\/schema\/logo\/image\/"}}]}},"_links":{"self":[{"href":"https:\/\/jetskidream.com\/en\/wp-json\/wp\/v2\/pages\/25917","targetHints":{"allow":["GET"]}}],"collection":[{"href":"https:\/\/jetskidream.com\/en\/wp-json\/wp\/v2\/pages"}],"about":[{"href":"https:\/\/jetskidream.com\/en\/wp-json\/wp\/v2\/types\/page"}],"author":[{"embeddable":true,"href":"https:\/\/jetskidream.com\/en\/wp-json\/wp\/v2\/users\/14"}],"replies":[{"embeddable":true,"href":"https:\/\/jetskidream.com\/en\/wp-json\/wp\/v2\/comments?post=25917"}],"version-history":[{"count":0,"href":"https:\/\/jetskidream.com\/en\/wp-json\/wp\/v2\/pages\/25917\/revisions"}],"wp:attachment":[{"href":"https:\/\/jetskidream.com\/en\/wp-json\/wp\/v2\/media?parent=25917"}],"curies":[{"name":"wp","href":"https:\/\/api.w.org\/{rel}","templated":true}]}}