{"id":25959,"date":"2021-02-04T09:04:07","date_gmt":"2021-02-04T09:04:07","guid":{"rendered":"https:\/\/jetskidream.turitop.net\/?page_id=25959"},"modified":"2022-03-05T11:37:22","modified_gmt":"2022-03-05T11:37:22","slug":"cumplimiento-con-el-rgpd","status":"publish","type":"page","link":"https:\/\/jetskidream.com\/en\/cumplimiento-con-el-rgpd\/","title":{"rendered":"GDPR compliance"},"content":{"rendered":"<div data-elementor-type=\"wp-page\" data-elementor-id=\"25959\" class=\"elementor elementor-25959\" data-elementor-post-type=\"page\">\n\t\t\t\t\t\t<section data-particle_enable=\"false\" data-particle-mobile-disabled=\"false\" class=\"elementor-section elementor-top-section elementor-element elementor-element-37a7814 elementor-section-full_width elementor-section-stretched elementor-section-height-default elementor-section-height-default elementor-invisible\" data-id=\"37a7814\" data-element_type=\"section\" data-e-type=\"section\" data-settings=\"{&quot;stretch_section&quot;:&quot;section-stretched&quot;,&quot;animation&quot;:&quot;fadeInDown&quot;}\">\n\t\t\t\t\t\t\t<div class=\"elementor-background-overlay\"><\/div>\n\t\t\t\t\t\t\t<div class=\"elementor-container elementor-column-gap-default\">\n\t\t\t\t\t<div class=\"elementor-column elementor-col-100 elementor-top-column elementor-element elementor-element-e061c5e\" data-id=\"e061c5e\" data-element_type=\"column\" data-e-type=\"column\">\n\t\t\t<div class=\"elementor-widget-wrap elementor-element-populated\">\n\t\t\t\t\t\t<div class=\"elementor-element elementor-element-b4eae6c elementor-widget elementor-widget-heading\" data-id=\"b4eae6c\" data-element_type=\"widget\" data-e-type=\"widget\" data-widget_type=\"heading.default\">\n\t\t\t\t<div class=\"elementor-widget-container\">\n\t\t\t\t\t<h2 class=\"elementor-heading-title elementor-size-default\">RGPD<\/h2>\t\t\t\t<\/div>\n\t\t\t\t<\/div>\n\t\t\t\t<div class=\"elementor-element elementor-element-6fa07c7 elementor-widget elementor-widget-text-editor\" data-id=\"6fa07c7\" data-element_type=\"widget\" data-e-type=\"widget\" data-widget_type=\"text-editor.default\">\n\t\t\t\t<div class=\"elementor-widget-container\">\n\t\t\t\t\t\t\t\t\t<section class=\"sectionHeader scrollTarget scrollTarget-GDPR\"><div class=\"container\"><h2>COMPLIANCE WITH THE RGPD<\/h2><div><p>We comply with Regulation (EU) 2016\/679 of the European Parliament and of the Council of 27 April 2016 (GDPR).<\/p><p>\u00a0<\/p><\/div><\/div><\/section><section class=\"sectionContent\"><div class=\"container\"><div class=\"\"><h3>THE GENERAL DATA PROTECTION REGULATION (GDPR) IS A REGULATION ON THE USE AND PROCESSING OF PERSONAL DATA THAT AFFECTS ALL COUNTRIES IN THE EUROPEAN UNION AND IS MANDATORY AS OF 25 MAY 2018.<\/h3><p>This new regulation determines that all companies, regardless of their country of origin or activity, must comply with it if they collect, store, process, use or manage any type of data of European Union citizens.<\/p><p>JETSKIDREAM, S.L. collects and stores the data of its customers in a responsible manner, always warning the user who provides their data electronically that they will be included in a database owned by the company and that they have the right to rectify and delete them.<\/p><h3>NEXT, AND IN COMPLIANCE WITH THE EUROPEAN RGPD, THE CHARACTERISTICS OF THE TREATMENT, COLLECTION AND USE OF THE DATA SUPPLIED BY THE USERS, CLIENTS AND SUPPLIERS TO JETSKIDREAM, S.L. ARE DETAILED.<\/h3><p><strong>RESPONSIBLE<\/strong><\/p><p>JETSKIDREAM, S.L., with CIF: B-21.589.320 and with fiscal address in PASEO DEL PINILLO, 21400 - AYAMONTE (HUELVA). Email: info@jetskidream.com<\/p><p><strong>PURPOSE<\/strong><\/p><p>We will treat your data for administrative, accounting and tax management, as well as to enable the online purchase of products and sending communications.<\/p><p><strong>CONSERVATION<\/strong><\/p><p>The personal data provided will be kept for as long as the relationship with us is maintained and their deletion is not requested by the interested party, they will be kept in accordance with the legal deadlines established in tax and accounting matters, taking as a reference the last communication.<\/p><p><strong>DECISIONS<\/strong><\/p><p>The company will NOT make automated decisions, profiling or logic applied to your data.<\/p><p><strong>LEGITIMACY<\/strong><\/p><p>Because the processing is necessary for the execution of an economic proposal, provision of information or a commercial contract, to which the user may be a party. As the communication of personal data is a legal or contractual requirement and a necessary requirement to enter into a contract, the interested parties are informed that they are obliged to provide personal data, and likewise that the consequences of not doing so may entail the non-provision of the requested service.<\/p><p><strong>TARGET<\/strong><\/p><p>For the duration of the processing, JETSKIDREAM, S.L. will not make any transfer, unless legally obliged to do so, nor any transfer whatsoever.<\/p><p><strong>RIGHTS<\/strong><\/p><p>Users may exercise the following rights:<\/p><ul><li>Request access to your personal data.<\/li><li>Request its rectification or deletion.<\/li><li>Request a restriction on your treatment.<\/li><li>Opposing treatment.<\/li><li>Request data portability.<\/li><li>Withdraw consent.<\/li><\/ul><p>Any person has the right to obtain confirmation as to whether or not we are processing personal data concerning them. Interested parties have the right to access their personal data, as well as to request the rectification of inaccurate data or, where appropriate, request its deletion when, among other reasons, the data is no longer necessary for the purposes for which it was collected.<\/p><p>In certain circumstances, data subjects may request that we limit the processing of their data, in which case we will only keep it for the purpose of exercising or defending claims. In certain circumstances and for reasons relating to their particular situation, data subjects may object to the processing of their data. In this case, we will stop processing the data, except for compelling legitimate reasons, or the exercise or defence of possible claims.<\/p><p>If you have given your consent for a specific purpose, you have the right to withdraw the consent given at any time, without this affecting the request for processing based on the consent prior to its withdrawal. To do so, you may write to JETSKIDREAM, S.L. (Data Processing) - PASEO DEL PINILLO, 11, 21400 - AYAMONTE (HUELVA). You can also send an email to: info@jetskidream.com<\/p><p>In compliance with Article 21 of Law 34\/2002 of services of the information society and electronic commerce, if you do not wish to receive more information about our services, you can unsubscribe by going to the unsubscribe link that you will find in all our notifications, both those sent electronically and by post. You can also do it by going directly to this link.<\/p><p>Users of our online e-commerce platform have the right to portability, which allows the interested party to request a file in a structured, commonly used and machine-readable format with their personal data, in order to be able to transmit it to another entity. To do so, you may write to JETSKIDREAM, S.L. (Data Processing) - PASEO DEL PINILLO, 11, 21400 - AYAMONTE (HUELVA). You can also send an email to: info@jetskidream.com. Due to the sensitivity of this data, JETSKIDREAM, S.L. will take the necessary measures to verify the identity of the applicant and that it matches the data you wish to access.<\/p><p><strong>ORIGIN OF THE DATA<\/strong><\/p><p>The personal data that we process at JETSKIDREAM, S.L. are provided exclusively by the interested parties, who provide their data under the agreement set out in our privacy policy. The collection of these data is through our websites or by telephone when the interested party provides them consciously and voluntarily to request information or place an order.<\/p><p>The categories of data processed are:<\/p><ul><li>Identification data<\/li><li>Identification codes or keys<\/li><li>Postal and e-mail addresses<\/li><li>Commercial information<\/li><li>Economic data<\/li><li>Orders and purchases of our products or services by the interested party<\/li><\/ul><p>No specially protected data is processed.<\/p><\/div><\/div><\/section>\t\t\t\t\t\t\t\t<\/div>\n\t\t\t\t<\/div>\n\t\t\t\t\t<\/div>\n\t\t<\/div>\n\t\t\t\t\t<\/div>\n\t\t<\/section>\n\t\t\t\t<\/div>","protected":false},"excerpt":{"rendered":"<p>RGPD CUMPLIMIENTO CON EL RGPD Cumplimos con Reglamento (UE) 2016\/679 del Parlamento Europeo y del Consejo de 27 de Abril de 2016 (RGPD) \u00a0 EL REGLAMENTO GENERAL DE PROTECCI\u00d3N DE DATOS (RGPD) ES UNA NORMA SOBRE EL USO Y TRATAMIENTO DE DATOS PERSONALES QUE AFECTA A TODOS LOS PA\u00cdSES DE LA UNI\u00d3N EUROPEA Y ES [&hellip;]<\/p>\n","protected":false},"author":14,"featured_media":0,"parent":0,"menu_order":0,"comment_status":"closed","ping_status":"closed","template":"","meta":{"footnotes":""},"class_list":["post-25959","page","type-page","status-publish","hentry"],"yoast_head":"<!-- This site is optimized with the Yoast SEO plugin v27.4 - https:\/\/yoast.com\/product\/yoast-seo-wordpress\/ -->\n<title>Cumplimiento con el RGPD - JetSkiDream<\/title>\n<meta name=\"robots\" content=\"index, follow, max-snippet:-1, max-image-preview:large, max-video-preview:-1\" \/>\n<link rel=\"canonical\" href=\"http:\/\/jetskidream.com\/en\/cumplimiento-con-el-rgpd\/\" \/>\n<meta property=\"og:locale\" content=\"en_GB\" \/>\n<meta property=\"og:type\" content=\"article\" \/>\n<meta property=\"og:title\" content=\"Cumplimiento con el RGPD - JetSkiDream\" \/>\n<meta property=\"og:description\" content=\"RGPD CUMPLIMIENTO CON EL RGPD Cumplimos con Reglamento (UE) 2016\/679 del Parlamento Europeo y del Consejo de 27 de Abril de 2016 (RGPD) \u00a0 EL REGLAMENTO GENERAL DE PROTECCI\u00d3N DE DATOS (RGPD) ES UNA NORMA SOBRE EL USO Y TRATAMIENTO DE DATOS PERSONALES QUE AFECTA A TODOS LOS PA\u00cdSES DE LA UNI\u00d3N EUROPEA Y ES [&hellip;]\" \/>\n<meta property=\"og:url\" content=\"http:\/\/jetskidream.com\/en\/cumplimiento-con-el-rgpd\/\" \/>\n<meta property=\"og:site_name\" content=\"JetSkiDream\" \/>\n<meta property=\"article:modified_time\" content=\"2022-03-05T11:37:22+00:00\" \/>\n<meta name=\"twitter:card\" content=\"summary_large_image\" \/>\n<meta name=\"twitter:label1\" content=\"Estimated reading time\" \/>\n\t<meta name=\"twitter:data1\" content=\"4 minutes\" \/>\n<script type=\"application\/ld+json\" class=\"yoast-schema-graph\">{\"@context\":\"https:\\\/\\\/schema.org\",\"@graph\":[{\"@type\":\"WebPage\",\"@id\":\"http:\\\/\\\/jetskidream.com\\\/de\\\/cumplimiento-con-el-rgpd\\\/\",\"url\":\"http:\\\/\\\/jetskidream.com\\\/de\\\/cumplimiento-con-el-rgpd\\\/\",\"name\":\"Cumplimiento con el RGPD - JetSkiDream\",\"isPartOf\":{\"@id\":\"https:\\\/\\\/jetskidream.com\\\/#website\"},\"datePublished\":\"2021-02-04T09:04:07+00:00\",\"dateModified\":\"2022-03-05T11:37:22+00:00\",\"breadcrumb\":{\"@id\":\"http:\\\/\\\/jetskidream.com\\\/de\\\/cumplimiento-con-el-rgpd\\\/#breadcrumb\"},\"inLanguage\":\"en-GB\",\"potentialAction\":[{\"@type\":\"ReadAction\",\"target\":[\"http:\\\/\\\/jetskidream.com\\\/de\\\/cumplimiento-con-el-rgpd\\\/\"]}]},{\"@type\":\"BreadcrumbList\",\"@id\":\"http:\\\/\\\/jetskidream.com\\\/de\\\/cumplimiento-con-el-rgpd\\\/#breadcrumb\",\"itemListElement\":[{\"@type\":\"ListItem\",\"position\":1,\"name\":\"Home\",\"item\":\"https:\\\/\\\/jetskidream.com\\\/\"},{\"@type\":\"ListItem\",\"position\":2,\"name\":\"Cumplimiento con el RGPD\"}]},{\"@type\":\"WebSite\",\"@id\":\"https:\\\/\\\/jetskidream.com\\\/#website\",\"url\":\"https:\\\/\\\/jetskidream.com\\\/\",\"name\":\"JetSkiDream\",\"description\":\"360\u00ba de oc\u00e9ano para ti\",\"publisher\":{\"@id\":\"https:\\\/\\\/jetskidream.com\\\/#organization\"},\"potentialAction\":[{\"@type\":\"SearchAction\",\"target\":{\"@type\":\"EntryPoint\",\"urlTemplate\":\"https:\\\/\\\/jetskidream.com\\\/?s={search_term_string}\"},\"query-input\":{\"@type\":\"PropertyValueSpecification\",\"valueRequired\":true,\"valueName\":\"search_term_string\"}}],\"inLanguage\":\"en-GB\"},{\"@type\":\"Organization\",\"@id\":\"https:\\\/\\\/jetskidream.com\\\/#organization\",\"name\":\"JetSkiDream\",\"url\":\"https:\\\/\\\/jetskidream.com\\\/\",\"logo\":{\"@type\":\"ImageObject\",\"inLanguage\":\"en-GB\",\"@id\":\"https:\\\/\\\/jetskidream.com\\\/#\\\/schema\\\/logo\\\/image\\\/\",\"url\":\"https:\\\/\\\/jetskidream.com\\\/wp-content\\\/uploads\\\/2021\\\/01\\\/logo-cop333ia0.png\",\"contentUrl\":\"https:\\\/\\\/jetskidream.com\\\/wp-content\\\/uploads\\\/2021\\\/01\\\/logo-cop333ia0.png\",\"width\":550,\"height\":173,\"caption\":\"JetSkiDream\"},\"image\":{\"@id\":\"https:\\\/\\\/jetskidream.com\\\/#\\\/schema\\\/logo\\\/image\\\/\"}}]}<\/script>\n<!-- \/ Yoast SEO plugin. -->","yoast_head_json":{"title":"GDPR Compliance - JetSkiDream","robots":{"index":"index","follow":"follow","max-snippet":"max-snippet:-1","max-image-preview":"max-image-preview:large","max-video-preview":"max-video-preview:-1"},"canonical":"http:\/\/jetskidream.com\/en\/cumplimiento-con-el-rgpd\/","og_locale":"en_GB","og_type":"article","og_title":"Cumplimiento con el RGPD - JetSkiDream","og_description":"RGPD CUMPLIMIENTO CON EL RGPD Cumplimos con Reglamento (UE) 2016\/679 del Parlamento Europeo y del Consejo de 27 de Abril de 2016 (RGPD) \u00a0 EL REGLAMENTO GENERAL DE PROTECCI\u00d3N DE DATOS (RGPD) ES UNA NORMA SOBRE EL USO Y TRATAMIENTO DE DATOS PERSONALES QUE AFECTA A TODOS LOS PA\u00cdSES DE LA UNI\u00d3N EUROPEA Y ES [&hellip;]","og_url":"http:\/\/jetskidream.com\/en\/cumplimiento-con-el-rgpd\/","og_site_name":"JetSkiDream","article_modified_time":"2022-03-05T11:37:22+00:00","twitter_card":"summary_large_image","twitter_misc":{"Estimated reading time":"4 minutes"},"schema":{"@context":"https:\/\/schema.org","@graph":[{"@type":"WebPage","@id":"http:\/\/jetskidream.com\/de\/cumplimiento-con-el-rgpd\/","url":"http:\/\/jetskidream.com\/de\/cumplimiento-con-el-rgpd\/","name":"GDPR Compliance - JetSkiDream","isPartOf":{"@id":"https:\/\/jetskidream.com\/#website"},"datePublished":"2021-02-04T09:04:07+00:00","dateModified":"2022-03-05T11:37:22+00:00","breadcrumb":{"@id":"http:\/\/jetskidream.com\/de\/cumplimiento-con-el-rgpd\/#breadcrumb"},"inLanguage":"en-GB","potentialAction":[{"@type":"ReadAction","target":["http:\/\/jetskidream.com\/de\/cumplimiento-con-el-rgpd\/"]}]},{"@type":"BreadcrumbList","@id":"http:\/\/jetskidream.com\/de\/cumplimiento-con-el-rgpd\/#breadcrumb","itemListElement":[{"@type":"ListItem","position":1,"name":"Home","item":"https:\/\/jetskidream.com\/"},{"@type":"ListItem","position":2,"name":"Cumplimiento con el RGPD"}]},{"@type":"WebSite","@id":"https:\/\/jetskidream.com\/#website","url":"https:\/\/jetskidream.com\/","name":"JetSkiDream","description":"360\u00ba of ocean for you","publisher":{"@id":"https:\/\/jetskidream.com\/#organization"},"potentialAction":[{"@type":"SearchAction","target":{"@type":"EntryPoint","urlTemplate":"https:\/\/jetskidream.com\/?s={search_term_string}"},"query-input":{"@type":"PropertyValueSpecification","valueRequired":true,"valueName":"search_term_string"}}],"inLanguage":"en-GB"},{"@type":"Organization","@id":"https:\/\/jetskidream.com\/#organization","name":"JetSkiDream","url":"https:\/\/jetskidream.com\/","logo":{"@type":"ImageObject","inLanguage":"en-GB","@id":"https:\/\/jetskidream.com\/#\/schema\/logo\/image\/","url":"https:\/\/jetskidream.com\/wp-content\/uploads\/2021\/01\/logo-cop333ia0.png","contentUrl":"https:\/\/jetskidream.com\/wp-content\/uploads\/2021\/01\/logo-cop333ia0.png","width":550,"height":173,"caption":"JetSkiDream"},"image":{"@id":"https:\/\/jetskidream.com\/#\/schema\/logo\/image\/"}}]}},"_links":{"self":[{"href":"https:\/\/jetskidream.com\/en\/wp-json\/wp\/v2\/pages\/25959","targetHints":{"allow":["GET"]}}],"collection":[{"href":"https:\/\/jetskidream.com\/en\/wp-json\/wp\/v2\/pages"}],"about":[{"href":"https:\/\/jetskidream.com\/en\/wp-json\/wp\/v2\/types\/page"}],"author":[{"embeddable":true,"href":"https:\/\/jetskidream.com\/en\/wp-json\/wp\/v2\/users\/14"}],"replies":[{"embeddable":true,"href":"https:\/\/jetskidream.com\/en\/wp-json\/wp\/v2\/comments?post=25959"}],"version-history":[{"count":0,"href":"https:\/\/jetskidream.com\/en\/wp-json\/wp\/v2\/pages\/25959\/revisions"}],"wp:attachment":[{"href":"https:\/\/jetskidream.com\/en\/wp-json\/wp\/v2\/media?parent=25959"}],"curies":[{"name":"wp","href":"https:\/\/api.w.org\/{rel}","templated":true}]}}