{"id":25917,"date":"2021-02-04T08:32:29","date_gmt":"2021-02-04T08:32:29","guid":{"rendered":"https:\/\/jetskidream.turitop.net\/?page_id=25917"},"modified":"2022-07-12T11:55:01","modified_gmt":"2022-07-12T09:55:01","slug":"politica-de-cookies","status":"publish","type":"page","link":"https:\/\/jetskidream.com\/pt\/politica-de-cookies\/","title":{"rendered":"Pol\u00edtica de Biscoitos"},"content":{"rendered":"<div data-elementor-type=\"wp-page\" data-elementor-id=\"25917\" class=\"elementor elementor-25917\" data-elementor-post-type=\"page\">\n\t\t\t\t\t\t<section data-particle_enable=\"false\" data-particle-mobile-disabled=\"false\" class=\"elementor-section elementor-top-section elementor-element elementor-element-694e50f6 elementor-section-boxed elementor-section-height-default elementor-section-height-default\" data-id=\"694e50f6\" data-element_type=\"section\" data-e-type=\"section\" data-settings=\"{&quot;background_background&quot;:&quot;classic&quot;}\">\n\t\t\t\t\t\t\t<div class=\"elementor-background-overlay\"><\/div>\n\t\t\t\t\t\t\t<div class=\"elementor-container elementor-column-gap-default\">\n\t\t\t\t\t<div class=\"elementor-column elementor-col-100 elementor-top-column elementor-element elementor-element-7ea88104\" data-id=\"7ea88104\" data-element_type=\"column\" data-e-type=\"column\">\n\t\t\t<div class=\"elementor-widget-wrap elementor-element-populated\">\n\t\t\t\t\t\t<div class=\"elementor-element elementor-element-1f27ffce elementor-widget elementor-widget-heading\" data-id=\"1f27ffce\" data-element_type=\"widget\" data-e-type=\"widget\" data-widget_type=\"heading.default\">\n\t\t\t\t<div class=\"elementor-widget-container\">\n\t\t\t\t\t<h1 class=\"elementor-heading-title elementor-size-default\">Pol\u00edtica de Biscoitos<\/h1>\t\t\t\t<\/div>\n\t\t\t\t<\/div>\n\t\t\t\t\t<\/div>\n\t\t<\/div>\n\t\t\t\t\t<\/div>\n\t\t<\/section>\n\t\t\t\t<section data-particle_enable=\"false\" data-particle-mobile-disabled=\"false\" class=\"elementor-section elementor-top-section elementor-element elementor-element-d8d86c9 elementor-section-boxed elementor-section-height-default elementor-section-height-default\" data-id=\"d8d86c9\" data-element_type=\"section\" data-e-type=\"section\">\n\t\t\t\t\t\t<div class=\"elementor-container elementor-column-gap-default\">\n\t\t\t\t\t<div class=\"elementor-column elementor-col-100 elementor-top-column elementor-element elementor-element-6f2c748\" data-id=\"6f2c748\" data-element_type=\"column\" data-e-type=\"column\">\n\t\t\t<div class=\"elementor-widget-wrap elementor-element-populated\">\n\t\t\t\t\t\t<div class=\"elementor-element elementor-element-fd8acde elementor-widget elementor-widget-text-editor\" data-id=\"fd8acde\" data-element_type=\"widget\" data-e-type=\"widget\" data-widget_type=\"text-editor.default\">\n\t\t\t\t<div class=\"elementor-widget-container\">\n\t\t\t\t\t\t\t\t\t<p>Um cookie \u00e9 um pequeno arquivo de texto que \u00e9 armazenado em seu navegador quando voc\u00ea visita quase qualquer website. A sua utilidade \u00e9 que o site \u00e9 capaz de lembrar a sua visita quando voc\u00ea voltar a navegar por essa p\u00e1gina. Os cookies geralmente armazenam informa\u00e7\u00f5es de natureza t\u00e9cnica, prefer\u00eancias pessoais, personaliza\u00e7\u00e3o de conte\u00fado, estat\u00edsticas de uso, links para redes sociais, acesso a contas de usu\u00e1rios, etc. A finalidade do cookie \u00e9 adaptar o conte\u00fado do site ao seu perfil e necessidades, sem cookies os servi\u00e7os oferecidos por qualquer p\u00e1gina seriam significativamente diminu\u00eddos.<\/p><h2>COOKIES UTILIZADOS NESTE SITE<\/h2><p>Seguindo as orienta\u00e7\u00f5es da Ag\u00eancia Espanhola de Protec\u00e7\u00e3o de Dados, procedemos a detalhar o uso de cookies que faz com que este website o informe da forma mais precisa poss\u00edvel.<\/p><h2>ESTE WEBSITE UTILIZA OS SEGUINTES COOKIES PR\u00d3PRIOS:<\/h2><ul class=\"list-style list-style1\"><li>Cookies de sess\u00e3o, para facilitar o acesso \u00e0 \u00e1rea do cliente.<\/li><\/ul><h2>ESTE WEBSITE UTILIZA OS SEGUINTES COOKIES DE TERCEIROS:<\/h2><ul class=\"list-style list-style1\"><li>Google Analytics: Armazena cookies para compilar estat\u00edsticas sobre o tr\u00e1fego e volume de visitas a este site. Ao usar este site voc\u00ea est\u00e1 consentindo no processamento de informa\u00e7\u00f5es sobre voc\u00ea pelo Google. Portanto, o exerc\u00edcio de quaisquer direitos a este respeito deve ser feito atrav\u00e9s da comunica\u00e7\u00e3o directa com o Google.<\/li><li>Redes sociais: Cada rede social utiliza os seus pr\u00f3prios cookies para que possa clicar em bot\u00f5es tais como Gostar ou Partilhar. Os cookies do Facebook, Twitter e Google+ est\u00e3o presentes neste website. Se tiver uma conta numa destas redes e estiver ligado a ela, s\u00e3o utilizados cookies para evitar que tenha de fazer novamente o login.<\/li><\/ul><h2>DESACTIVA\u00c7\u00c3O OU ELIMINA\u00c7\u00c3O DE COOKIES<\/h2><p>Voc\u00ea pode exercer seu direito de desativar ou excluir cookies deste site a qualquer momento. Estas a\u00e7\u00f5es s\u00e3o realizadas de forma diferente, dependendo do navegador que voc\u00ea estiver usando.<\/p><h2>OBSERVA\u00c7\u00d5ES COMPLEMENTARES<\/h2><ul class=\"list-style list-style1\"><li>Nem este website nem seus representantes legais s\u00e3o respons\u00e1veis pelo conte\u00fado ou pela veracidade das pol\u00edticas de privacidade dos terceiros mencionados nesta pol\u00edtica de cookies.<\/li><li>Os Web browsers s\u00e3o as ferramentas respons\u00e1veis pelo armazenamento de cookies e a partir deste lugar voc\u00ea deve exercer o seu direito de apag\u00e1-los ou desativ\u00e1-los. Nem este website nem os seus representantes legais podem garantir o tratamento correcto ou incorrecto dos cookies pelos navegadores acima mencionados.<\/li><li>Em alguns casos \u00e9 necess\u00e1rio instalar cookies para que o navegador n\u00e3o se esque\u00e7a da sua decis\u00e3o de n\u00e3o os aceitar.<\/li><li>No caso dos cookies do Google Analytics, o Google armazena cookies em servidores localizados nos Estados Unidos e se compromete a n\u00e3o compartilh\u00e1-los com terceiros, exceto quando necess\u00e1rio para o funcionamento do sistema ou quando exigido por lei. Segundo o Google, o Google n\u00e3o armazena o seu endere\u00e7o IP. O Google Inc. cumpre a Estrutura de Prote\u00e7\u00e3o de Privacidade UE-EUA e a Estrutura de Prote\u00e7\u00e3o de Privacidade Su\u00ed\u00e7a-EUA, conforme estabelecido pelo Departamento de Com\u00e9rcio dos Estados Unidos em rela\u00e7\u00e3o \u00e0 coleta, uso e reten\u00e7\u00e3o de informa\u00e7\u00f5es pessoais de pa\u00edses membros da Uni\u00e3o Europ\u00e9ia e da Su\u00ed\u00e7a, respectivamente. Informa\u00e7\u00f5es detalhadas a este respeito podem ser encontradas em\u00a0<a href=\"https:\/\/www.privacyshield.gov\/Program-Overview\" target=\"_blank\" rel=\"noopener\">neste link<\/a>. Se voc\u00ea gostaria de informa\u00e7\u00f5es sobre como o Google usa cookies\u00a0<a href=\"https:\/\/developers.google.com\/analytics\/devguides\/collection\/analyticsjs\/cookie-usage?hl=es&amp;csw=1\" target=\"_blank\" rel=\"noopener\">por favor, encontre em anexo este outro link<\/a>.<\/li><li>Se voc\u00ea tiver d\u00favidas ou perguntas sobre esta pol\u00edtica de cookies, n\u00e3o hesite em entrar em contato conosco atrav\u00e9s da se\u00e7\u00e3o de contato.<\/li><\/ul>\t\t\t\t\t\t\t\t<\/div>\n\t\t\t\t<\/div>\n\t\t\t\t\t<\/div>\n\t\t<\/div>\n\t\t\t\t\t<\/div>\n\t\t<\/section>\n\t\t\t\t<\/div>","protected":false},"excerpt":{"rendered":"<p>Pol\u00edtica de Cookies Una\u00a0cookie\u00a0es un peque\u00f1o fichero de texto que se almacena en su navegador cuando visita casi cualquier p\u00e1gina web. Su utilidad es que la web sea capaz de recordar su visita cuando vuelva a navegar por esa p\u00e1gina. Las\u00a0cookies\u00a0suelen almacenar informaci\u00f3n de car\u00e1cter t\u00e9cnico, preferencias personales, personalizaci\u00f3n de contenidos, estad\u00edsticas de uso, enlaces [&hellip;]<\/p>\n","protected":false},"author":14,"featured_media":0,"parent":0,"menu_order":0,"comment_status":"closed","ping_status":"closed","template":"","meta":{"footnotes":""},"class_list":["post-25917","page","type-page","status-publish","hentry"],"yoast_head":"<!-- This site is optimized with the Yoast SEO plugin v27.4 - https:\/\/yoast.com\/product\/yoast-seo-wordpress\/ -->\n<title>Pol\u00edtica de Cookies - JetSkiDream<\/title>\n<meta name=\"robots\" content=\"index, follow, max-snippet:-1, max-image-preview:large, max-video-preview:-1\" \/>\n<link rel=\"canonical\" href=\"https:\/\/jetskidream.com\/pt\/politica-de-cookies\/\" \/>\n<meta property=\"og:locale\" content=\"pt_PT\" \/>\n<meta property=\"og:type\" content=\"article\" \/>\n<meta property=\"og:title\" content=\"Pol\u00edtica de Cookies - JetSkiDream\" \/>\n<meta property=\"og:description\" content=\"Pol\u00edtica de Cookies Una\u00a0cookie\u00a0es un peque\u00f1o fichero de texto que se almacena en su navegador cuando visita casi cualquier p\u00e1gina web. Su utilidad es que la web sea capaz de recordar su visita cuando vuelva a navegar por esa p\u00e1gina. Las\u00a0cookies\u00a0suelen almacenar informaci\u00f3n de car\u00e1cter t\u00e9cnico, preferencias personales, personalizaci\u00f3n de contenidos, estad\u00edsticas de uso, enlaces [&hellip;]\" \/>\n<meta property=\"og:url\" content=\"https:\/\/jetskidream.com\/pt\/politica-de-cookies\/\" \/>\n<meta property=\"og:site_name\" content=\"JetSkiDream\" \/>\n<meta property=\"article:modified_time\" content=\"2022-07-12T09:55:01+00:00\" \/>\n<meta name=\"twitter:card\" content=\"summary_large_image\" \/>\n<meta name=\"twitter:label1\" content=\"Tempo estimado de leitura\" \/>\n\t<meta name=\"twitter:data1\" content=\"3 minutos\" \/>\n<script type=\"application\/ld+json\" class=\"yoast-schema-graph\">{\"@context\":\"https:\\\/\\\/schema.org\",\"@graph\":[{\"@type\":\"WebPage\",\"@id\":\"https:\\\/\\\/jetskidream.com\\\/politica-de-cookies\\\/\",\"url\":\"https:\\\/\\\/jetskidream.com\\\/politica-de-cookies\\\/\",\"name\":\"Pol\u00edtica de Cookies - JetSkiDream\",\"isPartOf\":{\"@id\":\"https:\\\/\\\/jetskidream.com\\\/#website\"},\"datePublished\":\"2021-02-04T08:32:29+00:00\",\"dateModified\":\"2022-07-12T09:55:01+00:00\",\"breadcrumb\":{\"@id\":\"https:\\\/\\\/jetskidream.com\\\/politica-de-cookies\\\/#breadcrumb\"},\"inLanguage\":\"pt-PT\",\"potentialAction\":[{\"@type\":\"ReadAction\",\"target\":[\"https:\\\/\\\/jetskidream.com\\\/politica-de-cookies\\\/\"]}]},{\"@type\":\"BreadcrumbList\",\"@id\":\"https:\\\/\\\/jetskidream.com\\\/politica-de-cookies\\\/#breadcrumb\",\"itemListElement\":[{\"@type\":\"ListItem\",\"position\":1,\"name\":\"Home\",\"item\":\"https:\\\/\\\/jetskidream.com\\\/\"},{\"@type\":\"ListItem\",\"position\":2,\"name\":\"Pol\u00edtica de Cookies\"}]},{\"@type\":\"WebSite\",\"@id\":\"https:\\\/\\\/jetskidream.com\\\/#website\",\"url\":\"https:\\\/\\\/jetskidream.com\\\/\",\"name\":\"JetSkiDream\",\"description\":\"360\u00ba de oc\u00e9ano para ti\",\"publisher\":{\"@id\":\"https:\\\/\\\/jetskidream.com\\\/#organization\"},\"potentialAction\":[{\"@type\":\"SearchAction\",\"target\":{\"@type\":\"EntryPoint\",\"urlTemplate\":\"https:\\\/\\\/jetskidream.com\\\/?s={search_term_string}\"},\"query-input\":{\"@type\":\"PropertyValueSpecification\",\"valueRequired\":true,\"valueName\":\"search_term_string\"}}],\"inLanguage\":\"pt-PT\"},{\"@type\":\"Organization\",\"@id\":\"https:\\\/\\\/jetskidream.com\\\/#organization\",\"name\":\"JetSkiDream\",\"url\":\"https:\\\/\\\/jetskidream.com\\\/\",\"logo\":{\"@type\":\"ImageObject\",\"inLanguage\":\"pt-PT\",\"@id\":\"https:\\\/\\\/jetskidream.com\\\/#\\\/schema\\\/logo\\\/image\\\/\",\"url\":\"https:\\\/\\\/jetskidream.com\\\/wp-content\\\/uploads\\\/2021\\\/01\\\/logo-cop333ia0.png\",\"contentUrl\":\"https:\\\/\\\/jetskidream.com\\\/wp-content\\\/uploads\\\/2021\\\/01\\\/logo-cop333ia0.png\",\"width\":550,\"height\":173,\"caption\":\"JetSkiDream\"},\"image\":{\"@id\":\"https:\\\/\\\/jetskidream.com\\\/#\\\/schema\\\/logo\\\/image\\\/\"}}]}<\/script>\n<!-- \/ Yoast SEO plugin. -->","yoast_head_json":{"title":"Pol\u00edtica de Cookies - JetSkiDream","robots":{"index":"index","follow":"follow","max-snippet":"max-snippet:-1","max-image-preview":"max-image-preview:large","max-video-preview":"max-video-preview:-1"},"canonical":"https:\/\/jetskidream.com\/pt\/politica-de-cookies\/","og_locale":"pt_PT","og_type":"article","og_title":"Pol\u00edtica de Cookies - JetSkiDream","og_description":"Pol\u00edtica de Cookies Una\u00a0cookie\u00a0es un peque\u00f1o fichero de texto que se almacena en su navegador cuando visita casi cualquier p\u00e1gina web. Su utilidad es que la web sea capaz de recordar su visita cuando vuelva a navegar por esa p\u00e1gina. Las\u00a0cookies\u00a0suelen almacenar informaci\u00f3n de car\u00e1cter t\u00e9cnico, preferencias personales, personalizaci\u00f3n de contenidos, estad\u00edsticas de uso, enlaces [&hellip;]","og_url":"https:\/\/jetskidream.com\/pt\/politica-de-cookies\/","og_site_name":"JetSkiDream","article_modified_time":"2022-07-12T09:55:01+00:00","twitter_card":"summary_large_image","twitter_misc":{"Tempo estimado de leitura":"3 minutos"},"schema":{"@context":"https:\/\/schema.org","@graph":[{"@type":"WebPage","@id":"https:\/\/jetskidream.com\/politica-de-cookies\/","url":"https:\/\/jetskidream.com\/politica-de-cookies\/","name":"Pol\u00edtica de Cookies - JetSkiDream","isPartOf":{"@id":"https:\/\/jetskidream.com\/#website"},"datePublished":"2021-02-04T08:32:29+00:00","dateModified":"2022-07-12T09:55:01+00:00","breadcrumb":{"@id":"https:\/\/jetskidream.com\/politica-de-cookies\/#breadcrumb"},"inLanguage":"pt-PT","potentialAction":[{"@type":"ReadAction","target":["https:\/\/jetskidream.com\/politica-de-cookies\/"]}]},{"@type":"BreadcrumbList","@id":"https:\/\/jetskidream.com\/politica-de-cookies\/#breadcrumb","itemListElement":[{"@type":"ListItem","position":1,"name":"Home","item":"https:\/\/jetskidream.com\/"},{"@type":"ListItem","position":2,"name":"Pol\u00edtica de Cookies"}]},{"@type":"WebSite","@id":"https:\/\/jetskidream.com\/#website","url":"https:\/\/jetskidream.com\/","name":"JetSkiDream","description":"360\u00ba de oceano para si","publisher":{"@id":"https:\/\/jetskidream.com\/#organization"},"potentialAction":[{"@type":"SearchAction","target":{"@type":"EntryPoint","urlTemplate":"https:\/\/jetskidream.com\/?s={search_term_string}"},"query-input":{"@type":"PropertyValueSpecification","valueRequired":true,"valueName":"search_term_string"}}],"inLanguage":"pt-PT"},{"@type":"Organization","@id":"https:\/\/jetskidream.com\/#organization","name":"JetSkiDream","url":"https:\/\/jetskidream.com\/","logo":{"@type":"ImageObject","inLanguage":"pt-PT","@id":"https:\/\/jetskidream.com\/#\/schema\/logo\/image\/","url":"https:\/\/jetskidream.com\/wp-content\/uploads\/2021\/01\/logo-cop333ia0.png","contentUrl":"https:\/\/jetskidream.com\/wp-content\/uploads\/2021\/01\/logo-cop333ia0.png","width":550,"height":173,"caption":"JetSkiDream"},"image":{"@id":"https:\/\/jetskidream.com\/#\/schema\/logo\/image\/"}}]}},"_links":{"self":[{"href":"https:\/\/jetskidream.com\/pt\/wp-json\/wp\/v2\/pages\/25917","targetHints":{"allow":["GET"]}}],"collection":[{"href":"https:\/\/jetskidream.com\/pt\/wp-json\/wp\/v2\/pages"}],"about":[{"href":"https:\/\/jetskidream.com\/pt\/wp-json\/wp\/v2\/types\/page"}],"author":[{"embeddable":true,"href":"https:\/\/jetskidream.com\/pt\/wp-json\/wp\/v2\/users\/14"}],"replies":[{"embeddable":true,"href":"https:\/\/jetskidream.com\/pt\/wp-json\/wp\/v2\/comments?post=25917"}],"version-history":[{"count":0,"href":"https:\/\/jetskidream.com\/pt\/wp-json\/wp\/v2\/pages\/25917\/revisions"}],"wp:attachment":[{"href":"https:\/\/jetskidream.com\/pt\/wp-json\/wp\/v2\/media?parent=25917"}],"curies":[{"name":"wp","href":"https:\/\/api.w.org\/{rel}","templated":true}]}}