{"id":25959,"date":"2021-02-04T09:04:07","date_gmt":"2021-02-04T09:04:07","guid":{"rendered":"https:\/\/jetskidream.turitop.net\/?page_id=25959"},"modified":"2022-03-05T11:37:22","modified_gmt":"2022-03-05T11:37:22","slug":"cumplimiento-con-el-rgpd","status":"publish","type":"page","link":"https:\/\/jetskidream.com\/pt\/cumplimiento-con-el-rgpd\/","title":{"rendered":"Cumprimento do GDPR"},"content":{"rendered":"<div data-elementor-type=\"wp-page\" data-elementor-id=\"25959\" class=\"elementor elementor-25959\" data-elementor-post-type=\"page\">\n\t\t\t\t\t\t<section data-particle_enable=\"false\" data-particle-mobile-disabled=\"false\" class=\"elementor-section elementor-top-section elementor-element elementor-element-37a7814 elementor-section-full_width elementor-section-stretched elementor-section-height-default elementor-section-height-default elementor-invisible\" data-id=\"37a7814\" data-element_type=\"section\" data-e-type=\"section\" data-settings=\"{&quot;stretch_section&quot;:&quot;section-stretched&quot;,&quot;animation&quot;:&quot;fadeInDown&quot;}\">\n\t\t\t\t\t\t\t<div class=\"elementor-background-overlay\"><\/div>\n\t\t\t\t\t\t\t<div class=\"elementor-container elementor-column-gap-default\">\n\t\t\t\t\t<div class=\"elementor-column elementor-col-100 elementor-top-column elementor-element elementor-element-e061c5e\" data-id=\"e061c5e\" data-element_type=\"column\" data-e-type=\"column\">\n\t\t\t<div class=\"elementor-widget-wrap elementor-element-populated\">\n\t\t\t\t\t\t<div class=\"elementor-element elementor-element-b4eae6c elementor-widget elementor-widget-heading\" data-id=\"b4eae6c\" data-element_type=\"widget\" data-e-type=\"widget\" data-widget_type=\"heading.default\">\n\t\t\t\t<div class=\"elementor-widget-container\">\n\t\t\t\t\t<h2 class=\"elementor-heading-title elementor-size-default\">RGPD<\/h2>\t\t\t\t<\/div>\n\t\t\t\t<\/div>\n\t\t\t\t<div class=\"elementor-element elementor-element-6fa07c7 elementor-widget elementor-widget-text-editor\" data-id=\"6fa07c7\" data-element_type=\"widget\" data-e-type=\"widget\" data-widget_type=\"text-editor.default\">\n\t\t\t\t<div class=\"elementor-widget-container\">\n\t\t\t\t\t\t\t\t\t<section class=\"sectionHeader scrollTarget scrollTarget-GDPR\"><div class=\"container\"><h2>CONFORMIDADE COM O RGPD<\/h2><div><p>Cumprimos o Regulamento (UE) 2016\/679 do Parlamento Europeu e do Conselho de 27 de Abril de 2016 (GDPR).<\/p><p>\u00a0<\/p><\/div><\/div><\/section><section class=\"sectionContent\"><div class=\"container\"><div class=\"\"><h3>O REGULAMENTO GERAL DE PROTEC\u00c7\u00c3O DE DADOS (GDPR) \u00c9 UM REGULAMENTO SOBRE A UTILIZA\u00c7\u00c3O E TRATAMENTO DE DADOS PESSOAIS QUE AFECTA TODOS OS PA\u00cdSES DA UNI\u00c3O EUROPEIA E \u00c9 OBRIGAT\u00d3RIO A PARTIR DE 25 DE MAIO DE 2018.<\/h3><p>Este novo regulamento determina que todas as empresas, independentemente do seu pa\u00eds de origem ou actividade, devem cumpri-lo se recolherem, armazenarem, processarem, utilizarem ou gerirem qualquer tipo de dados de cidad\u00e3os da Uni\u00e3o Europeia.<\/p><p>A JETSKIDREAM, S.L. recolhe e armazena os dados dos seus clientes de forma respons\u00e1vel, avisando sempre o utilizador que fornece os seus dados electronicamente que estes ser\u00e3o inclu\u00eddos numa base de dados propriedade da empresa e que tem o direito de os rectificar e eliminar.<\/p><h3>EM SEGUIDA, E EM CONFORMIDADE COM O RGPD EUROPEU, AS CARACTER\u00cdSTICAS DO TRATAMENTO, RECOLHA E UTILIZA\u00c7\u00c3O DOS DADOS FORNECIDOS PELOS UTILIZADORES, CLIENTES E FORNECEDORES AO JETSKIDREAM, S.L. S\u00c3O DETALHADAS.<\/h3><p><strong>RESPONS\u00c1VEL<\/strong><\/p><p>JETSKIDREAM, S.L., com CIF: B-21.589.320 e com domic\u00edlio fiscal em PASEO DEL PINILLO, 21400 - AYAMONTE (HUELVA). Email: info@jetskidream.com<\/p><p><strong>PROP\u00d3SITO<\/strong><\/p><p>Trataremos os seus dados para a gest\u00e3o administrativa, contabil\u00edstica e fiscal, bem como para permitir a compra on-line de produtos e o envio de comunica\u00e7\u00f5es.<\/p><p><strong>CONSERVA\u00c7\u00c3O<\/strong><\/p><p>Os dados pessoais fornecidos ser\u00e3o mantidos enquanto a rela\u00e7\u00e3o connosco for mantida e a sua elimina\u00e7\u00e3o n\u00e3o for solicitada pelo interessado, ser\u00e3o mantidos de acordo com os prazos legais estabelecidos em mat\u00e9ria fiscal e contabil\u00edstica, tomando como refer\u00eancia a \u00faltima comunica\u00e7\u00e3o.<\/p><p><strong>DECIS\u00d5ES<\/strong><\/p><p>A empresa N\u00c3O tomar\u00e1 decis\u00f5es autom\u00e1ticas, perfis ou l\u00f3gica aplicada aos seus dados.<\/p><p><strong>LEGITIM\u00c1CIA<\/strong><\/p><p>Porque o processamento \u00e9 necess\u00e1rio para a execu\u00e7\u00e3o de uma proposta econ\u00f4mica, fornecimento de informa\u00e7\u00f5es ou um contrato comercial, do qual o usu\u00e1rio pode ser parte. Como a comunica\u00e7\u00e3o de dados pessoais \u00e9 um requisito legal ou contratual e um requisito necess\u00e1rio para a celebra\u00e7\u00e3o de um contrato, os interessados s\u00e3o informados de que s\u00e3o obrigados a fornecer dados pessoais, e tamb\u00e9m que as consequ\u00eancias de n\u00e3o o fazer podem implicar a n\u00e3o presta\u00e7\u00e3o do servi\u00e7o solicitado.<\/p><p><strong>TARGET<\/strong><\/p><p>Durante todo o processo, a JETSKIDREAM, S.L. n\u00e3o efectuar\u00e1 qualquer transfer\u00eancia, salvo se legalmente obrigada a faz\u00ea-lo, nem qualquer transfer\u00eancia de qualquer tipo.<\/p><p><strong>DIREITOS<\/strong><\/p><p>Os usu\u00e1rios podem exercer os seguintes direitos:<\/p><ul><li>Solicite o acesso aos seus dados pessoais.<\/li><li>Solicitar a sua rectifica\u00e7\u00e3o ou elimina\u00e7\u00e3o.<\/li><li>Solicite uma restri\u00e7\u00e3o ao seu tratamento.<\/li><li>Tratamento oposto.<\/li><li>Solicitar portabilidade de dados.<\/li><li>Retirar a autoriza\u00e7\u00e3o.<\/li><\/ul><p>Qualquer pessoa tem o direito de obter confirma\u00e7\u00e3o sobre se estamos ou n\u00e3o a processar dados pessoais que lhe digam respeito. Os interessados t\u00eam o direito de aceder aos seus dados pessoais, bem como de solicitar a rectifica\u00e7\u00e3o de dados incorrectos ou, se for caso disso, de solicitar a sua elimina\u00e7\u00e3o quando, entre outros motivos, os dados j\u00e1 n\u00e3o forem necess\u00e1rios para os fins para os quais foram recolhidos.<\/p><p>Em determinadas circunst\u00e2ncias, as pessoas em causa podem solicitar que limitemos o tratamento dos seus dados, caso em que os reteremos apenas para efeitos de exerc\u00edcio ou defesa de reclama\u00e7\u00f5es. Em determinadas circunst\u00e2ncias e por raz\u00f5es relacionadas com a sua situa\u00e7\u00e3o particular, as pessoas em causa podem opor-se ao tratamento dos seus dados. Neste caso, deixaremos de processar os dados, exceto por raz\u00f5es leg\u00edtimas e imperiosas, ou pelo exerc\u00edcio ou defesa de poss\u00edveis reivindica\u00e7\u00f5es.<\/p><p>Se voc\u00ea deu seu consentimento para um prop\u00f3sito espec\u00edfico, voc\u00ea tem o direito de retirar o consentimento dado a qualquer momento, sem que isso afete o pedido de processamento com base no consentimento antes de sua retirada. Para isso, pode escrever \u00e0 JETSKIDREAM, S.L. (Processamento de dados) - PASEO DEL PINILLO, 11, 21400 - AYAMONTE (HUELVA). Voc\u00ea tamb\u00e9m pode enviar um e-mail para: info@jetskidream.com<\/p><p>Em conformidade com o artigo 21 da Lei 34\/2002 de servi\u00e7os da sociedade da informa\u00e7\u00e3o e com\u00e9rcio electr\u00f3nico, se n\u00e3o desejar receber mais informa\u00e7\u00f5es sobre os nossos servi\u00e7os, pode cancelar a sua inscri\u00e7\u00e3o atrav\u00e9s do link de cancelamento que encontrar\u00e1 em todas as nossas notifica\u00e7\u00f5es, tanto as enviadas por via electr\u00f3nica como por correio. Voc\u00ea tamb\u00e9m pode fazer isso indo diretamente para este link.<\/p><p>Os utilizadores da nossa plataforma de com\u00e9rcio electr\u00f3nico online t\u00eam direito \u00e0 portabilidade, o que permite ao interessado solicitar um ficheiro num formato estruturado, comummente utilizado e leg\u00edvel por m\u00e1quina com os seus dados pessoais, de modo a poder transmiti-lo a outra entidade. Para isso, pode escrever \u00e0 JETSKIDREAM, S.L. (Processamento de dados) - PASEO DEL PINILLO, 11, 21400 - AYAMONTE (HUELVA). Voc\u00ea tamb\u00e9m pode enviar um e-mail para: info@jetskidream.com. Devido \u00e0 sensibilidade destes dados, a JETSKIDREAM, S.L. tomar\u00e1 as medidas necess\u00e1rias para verificar a identidade do requerente e que estes correspondem aos dados que deseja aceder.<\/p><p><strong>ORIGEM DOS DADOS<\/strong><\/p><p>Os dados pessoais que processamos na JETSKIDREAM, S.L. s\u00e3o fornecidos exclusivamente pelas partes interessadas, que fornecem os seus dados de acordo com o acordo estabelecido na nossa pol\u00edtica de privacidade. A recolha destes dados \u00e9 feita atrav\u00e9s dos nossos websites ou por telefone quando o interessado os fornece de forma consciente e volunt\u00e1ria para solicitar informa\u00e7\u00f5es ou fazer uma encomenda.<\/p><p>As categorias de dados processados s\u00e3o:<\/p><ul><li>Dados de identifica\u00e7\u00e3o<\/li><li>C\u00f3digos ou chaves de identifica\u00e7\u00e3o<\/li><li>Endere\u00e7os postais e de e-mail<\/li><li>Informa\u00e7\u00f5es comerciais<\/li><li>Dados econ\u00f3micos<\/li><li>Encomendas e compras dos nossos produtos ou servi\u00e7os por parte do interessado<\/li><\/ul><p>Nenhum dado especialmente protegido \u00e9 processado.<\/p><\/div><\/div><\/section>\t\t\t\t\t\t\t\t<\/div>\n\t\t\t\t<\/div>\n\t\t\t\t\t<\/div>\n\t\t<\/div>\n\t\t\t\t\t<\/div>\n\t\t<\/section>\n\t\t\t\t<\/div>","protected":false},"excerpt":{"rendered":"<p>RGPD CUMPLIMIENTO CON EL RGPD Cumplimos con Reglamento (UE) 2016\/679 del Parlamento Europeo y del Consejo de 27 de Abril de 2016 (RGPD) \u00a0 EL REGLAMENTO GENERAL DE PROTECCI\u00d3N DE DATOS (RGPD) ES UNA NORMA SOBRE EL USO Y TRATAMIENTO DE DATOS PERSONALES QUE AFECTA A TODOS LOS PA\u00cdSES DE LA UNI\u00d3N EUROPEA Y ES [&hellip;]<\/p>\n","protected":false},"author":14,"featured_media":0,"parent":0,"menu_order":0,"comment_status":"closed","ping_status":"closed","template":"","meta":{"footnotes":""},"class_list":["post-25959","page","type-page","status-publish","hentry"],"yoast_head":"<!-- This site is optimized with the Yoast SEO plugin v27.4 - https:\/\/yoast.com\/product\/yoast-seo-wordpress\/ -->\n<title>Cumplimiento con el RGPD - JetSkiDream<\/title>\n<meta name=\"robots\" content=\"index, follow, max-snippet:-1, max-image-preview:large, max-video-preview:-1\" \/>\n<link rel=\"canonical\" href=\"http:\/\/jetskidream.com\/pt\/cumplimiento-con-el-rgpd\/\" \/>\n<meta property=\"og:locale\" content=\"pt_PT\" \/>\n<meta property=\"og:type\" content=\"article\" \/>\n<meta property=\"og:title\" content=\"Cumplimiento con el RGPD - JetSkiDream\" \/>\n<meta property=\"og:description\" content=\"RGPD CUMPLIMIENTO CON EL RGPD Cumplimos con Reglamento (UE) 2016\/679 del Parlamento Europeo y del Consejo de 27 de Abril de 2016 (RGPD) \u00a0 EL REGLAMENTO GENERAL DE PROTECCI\u00d3N DE DATOS (RGPD) ES UNA NORMA SOBRE EL USO Y TRATAMIENTO DE DATOS PERSONALES QUE AFECTA A TODOS LOS PA\u00cdSES DE LA UNI\u00d3N EUROPEA Y ES [&hellip;]\" \/>\n<meta property=\"og:url\" content=\"http:\/\/jetskidream.com\/pt\/cumplimiento-con-el-rgpd\/\" \/>\n<meta property=\"og:site_name\" content=\"JetSkiDream\" \/>\n<meta property=\"article:modified_time\" content=\"2022-03-05T11:37:22+00:00\" \/>\n<meta name=\"twitter:card\" content=\"summary_large_image\" \/>\n<meta name=\"twitter:label1\" content=\"Tempo estimado de leitura\" \/>\n\t<meta name=\"twitter:data1\" content=\"4 minutos\" \/>\n<script type=\"application\/ld+json\" class=\"yoast-schema-graph\">{\"@context\":\"https:\\\/\\\/schema.org\",\"@graph\":[{\"@type\":\"WebPage\",\"@id\":\"http:\\\/\\\/jetskidream.com\\\/de\\\/cumplimiento-con-el-rgpd\\\/\",\"url\":\"http:\\\/\\\/jetskidream.com\\\/de\\\/cumplimiento-con-el-rgpd\\\/\",\"name\":\"Cumplimiento con el RGPD - JetSkiDream\",\"isPartOf\":{\"@id\":\"https:\\\/\\\/jetskidream.com\\\/#website\"},\"datePublished\":\"2021-02-04T09:04:07+00:00\",\"dateModified\":\"2022-03-05T11:37:22+00:00\",\"breadcrumb\":{\"@id\":\"http:\\\/\\\/jetskidream.com\\\/de\\\/cumplimiento-con-el-rgpd\\\/#breadcrumb\"},\"inLanguage\":\"pt-PT\",\"potentialAction\":[{\"@type\":\"ReadAction\",\"target\":[\"http:\\\/\\\/jetskidream.com\\\/de\\\/cumplimiento-con-el-rgpd\\\/\"]}]},{\"@type\":\"BreadcrumbList\",\"@id\":\"http:\\\/\\\/jetskidream.com\\\/de\\\/cumplimiento-con-el-rgpd\\\/#breadcrumb\",\"itemListElement\":[{\"@type\":\"ListItem\",\"position\":1,\"name\":\"Home\",\"item\":\"https:\\\/\\\/jetskidream.com\\\/\"},{\"@type\":\"ListItem\",\"position\":2,\"name\":\"Cumplimiento con el RGPD\"}]},{\"@type\":\"WebSite\",\"@id\":\"https:\\\/\\\/jetskidream.com\\\/#website\",\"url\":\"https:\\\/\\\/jetskidream.com\\\/\",\"name\":\"JetSkiDream\",\"description\":\"360\u00ba de oc\u00e9ano para ti\",\"publisher\":{\"@id\":\"https:\\\/\\\/jetskidream.com\\\/#organization\"},\"potentialAction\":[{\"@type\":\"SearchAction\",\"target\":{\"@type\":\"EntryPoint\",\"urlTemplate\":\"https:\\\/\\\/jetskidream.com\\\/?s={search_term_string}\"},\"query-input\":{\"@type\":\"PropertyValueSpecification\",\"valueRequired\":true,\"valueName\":\"search_term_string\"}}],\"inLanguage\":\"pt-PT\"},{\"@type\":\"Organization\",\"@id\":\"https:\\\/\\\/jetskidream.com\\\/#organization\",\"name\":\"JetSkiDream\",\"url\":\"https:\\\/\\\/jetskidream.com\\\/\",\"logo\":{\"@type\":\"ImageObject\",\"inLanguage\":\"pt-PT\",\"@id\":\"https:\\\/\\\/jetskidream.com\\\/#\\\/schema\\\/logo\\\/image\\\/\",\"url\":\"https:\\\/\\\/jetskidream.com\\\/wp-content\\\/uploads\\\/2021\\\/01\\\/logo-cop333ia0.png\",\"contentUrl\":\"https:\\\/\\\/jetskidream.com\\\/wp-content\\\/uploads\\\/2021\\\/01\\\/logo-cop333ia0.png\",\"width\":550,\"height\":173,\"caption\":\"JetSkiDream\"},\"image\":{\"@id\":\"https:\\\/\\\/jetskidream.com\\\/#\\\/schema\\\/logo\\\/image\\\/\"}}]}<\/script>\n<!-- \/ Yoast SEO plugin. -->","yoast_head_json":{"title":"Cumplimiento con el RGPD - JetSkiDream","robots":{"index":"index","follow":"follow","max-snippet":"max-snippet:-1","max-image-preview":"max-image-preview:large","max-video-preview":"max-video-preview:-1"},"canonical":"http:\/\/jetskidream.com\/pt\/cumplimiento-con-el-rgpd\/","og_locale":"pt_PT","og_type":"article","og_title":"Cumplimiento con el RGPD - JetSkiDream","og_description":"RGPD CUMPLIMIENTO CON EL RGPD Cumplimos con Reglamento (UE) 2016\/679 del Parlamento Europeo y del Consejo de 27 de Abril de 2016 (RGPD) \u00a0 EL REGLAMENTO GENERAL DE PROTECCI\u00d3N DE DATOS (RGPD) ES UNA NORMA SOBRE EL USO Y TRATAMIENTO DE DATOS PERSONALES QUE AFECTA A TODOS LOS PA\u00cdSES DE LA UNI\u00d3N EUROPEA Y ES [&hellip;]","og_url":"http:\/\/jetskidream.com\/pt\/cumplimiento-con-el-rgpd\/","og_site_name":"JetSkiDream","article_modified_time":"2022-03-05T11:37:22+00:00","twitter_card":"summary_large_image","twitter_misc":{"Tempo estimado de leitura":"4 minutos"},"schema":{"@context":"https:\/\/schema.org","@graph":[{"@type":"WebPage","@id":"http:\/\/jetskidream.com\/de\/cumplimiento-con-el-rgpd\/","url":"http:\/\/jetskidream.com\/de\/cumplimiento-con-el-rgpd\/","name":"Cumplimiento con el RGPD - JetSkiDream","isPartOf":{"@id":"https:\/\/jetskidream.com\/#website"},"datePublished":"2021-02-04T09:04:07+00:00","dateModified":"2022-03-05T11:37:22+00:00","breadcrumb":{"@id":"http:\/\/jetskidream.com\/de\/cumplimiento-con-el-rgpd\/#breadcrumb"},"inLanguage":"pt-PT","potentialAction":[{"@type":"ReadAction","target":["http:\/\/jetskidream.com\/de\/cumplimiento-con-el-rgpd\/"]}]},{"@type":"BreadcrumbList","@id":"http:\/\/jetskidream.com\/de\/cumplimiento-con-el-rgpd\/#breadcrumb","itemListElement":[{"@type":"ListItem","position":1,"name":"Home","item":"https:\/\/jetskidream.com\/"},{"@type":"ListItem","position":2,"name":"Cumplimiento con el RGPD"}]},{"@type":"WebSite","@id":"https:\/\/jetskidream.com\/#website","url":"https:\/\/jetskidream.com\/","name":"JetSkiDream","description":"360\u00ba de oceano para si","publisher":{"@id":"https:\/\/jetskidream.com\/#organization"},"potentialAction":[{"@type":"SearchAction","target":{"@type":"EntryPoint","urlTemplate":"https:\/\/jetskidream.com\/?s={search_term_string}"},"query-input":{"@type":"PropertyValueSpecification","valueRequired":true,"valueName":"search_term_string"}}],"inLanguage":"pt-PT"},{"@type":"Organization","@id":"https:\/\/jetskidream.com\/#organization","name":"JetSkiDream","url":"https:\/\/jetskidream.com\/","logo":{"@type":"ImageObject","inLanguage":"pt-PT","@id":"https:\/\/jetskidream.com\/#\/schema\/logo\/image\/","url":"https:\/\/jetskidream.com\/wp-content\/uploads\/2021\/01\/logo-cop333ia0.png","contentUrl":"https:\/\/jetskidream.com\/wp-content\/uploads\/2021\/01\/logo-cop333ia0.png","width":550,"height":173,"caption":"JetSkiDream"},"image":{"@id":"https:\/\/jetskidream.com\/#\/schema\/logo\/image\/"}}]}},"_links":{"self":[{"href":"https:\/\/jetskidream.com\/pt\/wp-json\/wp\/v2\/pages\/25959","targetHints":{"allow":["GET"]}}],"collection":[{"href":"https:\/\/jetskidream.com\/pt\/wp-json\/wp\/v2\/pages"}],"about":[{"href":"https:\/\/jetskidream.com\/pt\/wp-json\/wp\/v2\/types\/page"}],"author":[{"embeddable":true,"href":"https:\/\/jetskidream.com\/pt\/wp-json\/wp\/v2\/users\/14"}],"replies":[{"embeddable":true,"href":"https:\/\/jetskidream.com\/pt\/wp-json\/wp\/v2\/comments?post=25959"}],"version-history":[{"count":0,"href":"https:\/\/jetskidream.com\/pt\/wp-json\/wp\/v2\/pages\/25959\/revisions"}],"wp:attachment":[{"href":"https:\/\/jetskidream.com\/pt\/wp-json\/wp\/v2\/media?parent=25959"}],"curies":[{"name":"wp","href":"https:\/\/api.w.org\/{rel}","templated":true}]}}