{"id":28075,"date":"2021-07-06T06:53:53","date_gmt":"2021-07-06T06:53:53","guid":{"rendered":"https:\/\/jetskidream.com\/?page_id=28075"},"modified":"2023-01-04T13:29:18","modified_gmt":"2023-01-04T11:29:18","slug":"gracias-ruta-pura-vida","status":"publish","type":"page","link":"https:\/\/jetskidream.com\/pt\/gracias-ruta-pura-vida\/","title":{"rendered":"OBRIGADO - Ruta Pura Vida"},"content":{"rendered":"<div data-elementor-type=\"wp-page\" data-elementor-id=\"28075\" class=\"elementor elementor-28075\" data-elementor-post-type=\"page\">\n\t\t\t\t\t\t<section data-particle_enable=\"false\" data-particle-mobile-disabled=\"false\" class=\"elementor-section elementor-top-section elementor-element elementor-element-adce584 elementor-section-boxed elementor-section-height-default elementor-section-height-default\" data-id=\"adce584\" data-element_type=\"section\" data-e-type=\"section\">\n\t\t\t\t\t\t<div class=\"elementor-container elementor-column-gap-default\">\n\t\t\t\t\t<div class=\"elementor-column elementor-col-100 elementor-top-column elementor-element elementor-element-8ab8368\" data-id=\"8ab8368\" data-element_type=\"column\" data-e-type=\"column\">\n\t\t\t<div class=\"elementor-widget-wrap elementor-element-populated\">\n\t\t\t\t\t\t<div class=\"elementor-element elementor-element-4d5046d elementor-widget elementor-widget-heading\" data-id=\"4d5046d\" data-element_type=\"widget\" data-e-type=\"widget\" data-widget_type=\"heading.default\">\n\t\t\t\t<div class=\"elementor-widget-container\">\n\t\t\t\t\t<h2 class=\"elementor-heading-title elementor-size-default\">Obrigado<\/h2>\t\t\t\t<\/div>\n\t\t\t\t<\/div>\n\t\t\t\t<div class=\"elementor-element elementor-element-08127b3 elementor-widget elementor-widget-text-editor\" data-id=\"08127b3\" data-element_type=\"widget\" data-e-type=\"widget\" data-widget_type=\"text-editor.default\">\n\t\t\t\t<div class=\"elementor-widget-container\">\n\t\t\t\t\t\t\t\t\t<p>Obrigado por se juntar \u00e0 nossa rota atrav\u00e9s da Isla Canela, uma experi\u00eancia cheia de vida. Vai querer repetir!\u00a0<\/p>\t\t\t\t\t\t\t\t<\/div>\n\t\t\t\t<\/div>\n\t\t\t\t<div class=\"elementor-element elementor-element-dca79fc elementor-widget elementor-widget-image\" data-id=\"dca79fc\" data-element_type=\"widget\" data-e-type=\"widget\" data-widget_type=\"image.default\">\n\t\t\t\t<div class=\"elementor-widget-container\">\n\t\t\t\t\t\t\t\t\t\t\t\t\t\t\t<img fetchpriority=\"high\" decoding=\"async\" width=\"800\" height=\"533\" src=\"https:\/\/jetskidream.com\/wp-content\/uploads\/2021\/05\/Fondo.jpg\" class=\"attachment-large size-large wp-image-27340\" alt=\"\" \/>\t\t\t\t\t\t\t\t\t\t\t\t\t\t\t<\/div>\n\t\t\t\t<\/div>\n\t\t\t\t\t<\/div>\n\t\t<\/div>\n\t\t\t\t\t<\/div>\n\t\t<\/section>\n\t\t\t\t<section data-particle_enable=\"false\" data-particle-mobile-disabled=\"false\" class=\"elementor-section elementor-top-section elementor-element elementor-element-d3c5fce elementor-section-boxed elementor-section-height-default elementor-section-height-default\" data-id=\"d3c5fce\" data-element_type=\"section\" data-e-type=\"section\">\n\t\t\t\t\t\t<div class=\"elementor-container elementor-column-gap-default\">\n\t\t\t\t\t<div class=\"elementor-column elementor-col-100 elementor-top-column elementor-element elementor-element-eef7061\" data-id=\"eef7061\" data-element_type=\"column\" data-e-type=\"column\">\n\t\t\t<div class=\"elementor-widget-wrap\">\n\t\t\t\t\t\t\t<\/div>\n\t\t<\/div>\n\t\t\t\t\t<\/div>\n\t\t<\/section>\n\t\t\t\t<\/div>","protected":false},"excerpt":{"rendered":"<p>Obrigado por se juntar \u00e0 nossa rota atrav\u00e9s da Isla Canela, uma experi\u00eancia cheia de vida. Vai querer repetir!\u00a0<\/p>","protected":false},"author":19,"featured_media":26140,"parent":0,"menu_order":0,"comment_status":"closed","ping_status":"closed","template":"","meta":{"footnotes":""},"class_list":["post-28075","page","type-page","status-publish","has-post-thumbnail","hentry"],"yoast_head":"<!-- This site is optimized with the Yoast SEO plugin v27.3 - https:\/\/yoast.com\/product\/yoast-seo-wordpress\/ -->\n<title>GRACIAS - Ruta Pura Vida - JetSkiDream<\/title>\n<meta name=\"robots\" content=\"index, follow, max-snippet:-1, max-image-preview:large, max-video-preview:-1\" \/>\n<link rel=\"canonical\" href=\"https:\/\/jetskidream.com\/pt\/gracias-ruta-pura-vida\/\" \/>\n<meta property=\"og:locale\" content=\"pt_PT\" \/>\n<meta property=\"og:type\" content=\"article\" \/>\n<meta property=\"og:title\" content=\"GRACIAS - Ruta Pura Vida - JetSkiDream\" \/>\n<meta property=\"og:description\" content=\"Gracias Gracias por unirte a nuestra ruta por Isla Canela, una experiencia llena de vida \u00a1Vas a querer repetir!\u00a0\" \/>\n<meta property=\"og:url\" content=\"https:\/\/jetskidream.com\/pt\/gracias-ruta-pura-vida\/\" \/>\n<meta property=\"og:site_name\" content=\"JetSkiDream\" \/>\n<meta property=\"article:modified_time\" content=\"2023-01-04T11:29:18+00:00\" \/>\n<meta property=\"og:image\" content=\"https:\/\/jetskidream.com\/wp-content\/uploads\/2021\/01\/IMG_20200910_1921151-4.jpg\" \/>\n\t<meta property=\"og:image:width\" content=\"1624\" \/>\n\t<meta property=\"og:image:height\" content=\"1080\" \/>\n\t<meta property=\"og:image:type\" content=\"image\/jpeg\" \/>\n<meta name=\"twitter:card\" content=\"summary_large_image\" \/>\n<meta name=\"twitter:label1\" content=\"Tempo estimado de leitura\" \/>\n\t<meta name=\"twitter:data1\" content=\"1 minuto\" \/>\n<script type=\"application\/ld+json\" class=\"yoast-schema-graph\">{\"@context\":\"https:\\\/\\\/schema.org\",\"@graph\":[{\"@type\":\"WebPage\",\"@id\":\"https:\\\/\\\/jetskidream.com\\\/gracias-ruta-pura-vida\\\/\",\"url\":\"https:\\\/\\\/jetskidream.com\\\/gracias-ruta-pura-vida\\\/\",\"name\":\"GRACIAS - Ruta Pura Vida - JetSkiDream\",\"isPartOf\":{\"@id\":\"https:\\\/\\\/jetskidream.com\\\/#website\"},\"primaryImageOfPage\":{\"@id\":\"https:\\\/\\\/jetskidream.com\\\/gracias-ruta-pura-vida\\\/#primaryimage\"},\"image\":{\"@id\":\"https:\\\/\\\/jetskidream.com\\\/gracias-ruta-pura-vida\\\/#primaryimage\"},\"thumbnailUrl\":\"https:\\\/\\\/jetskidream.com\\\/wp-content\\\/uploads\\\/2021\\\/01\\\/IMG_20200910_1921151-4.jpg\",\"datePublished\":\"2021-07-06T06:53:53+00:00\",\"dateModified\":\"2023-01-04T11:29:18+00:00\",\"breadcrumb\":{\"@id\":\"https:\\\/\\\/jetskidream.com\\\/gracias-ruta-pura-vida\\\/#breadcrumb\"},\"inLanguage\":\"pt-PT\",\"potentialAction\":[{\"@type\":\"ReadAction\",\"target\":[\"https:\\\/\\\/jetskidream.com\\\/gracias-ruta-pura-vida\\\/\"]}]},{\"@type\":\"ImageObject\",\"inLanguage\":\"pt-PT\",\"@id\":\"https:\\\/\\\/jetskidream.com\\\/gracias-ruta-pura-vida\\\/#primaryimage\",\"url\":\"https:\\\/\\\/jetskidream.com\\\/wp-content\\\/uploads\\\/2021\\\/01\\\/IMG_20200910_1921151-4.jpg\",\"contentUrl\":\"https:\\\/\\\/jetskidream.com\\\/wp-content\\\/uploads\\\/2021\\\/01\\\/IMG_20200910_1921151-4.jpg\",\"width\":1624,\"height\":1080},{\"@type\":\"BreadcrumbList\",\"@id\":\"https:\\\/\\\/jetskidream.com\\\/gracias-ruta-pura-vida\\\/#breadcrumb\",\"itemListElement\":[{\"@type\":\"ListItem\",\"position\":1,\"name\":\"Home\",\"item\":\"https:\\\/\\\/jetskidream.com\\\/\"},{\"@type\":\"ListItem\",\"position\":2,\"name\":\"GRACIAS &#8211; Ruta Pura Vida\"}]},{\"@type\":\"WebSite\",\"@id\":\"https:\\\/\\\/jetskidream.com\\\/#website\",\"url\":\"https:\\\/\\\/jetskidream.com\\\/\",\"name\":\"JetSkiDream\",\"description\":\"360\u00ba de oc\u00e9ano para ti\",\"publisher\":{\"@id\":\"https:\\\/\\\/jetskidream.com\\\/#organization\"},\"potentialAction\":[{\"@type\":\"SearchAction\",\"target\":{\"@type\":\"EntryPoint\",\"urlTemplate\":\"https:\\\/\\\/jetskidream.com\\\/?s={search_term_string}\"},\"query-input\":{\"@type\":\"PropertyValueSpecification\",\"valueRequired\":true,\"valueName\":\"search_term_string\"}}],\"inLanguage\":\"pt-PT\"},{\"@type\":\"Organization\",\"@id\":\"https:\\\/\\\/jetskidream.com\\\/#organization\",\"name\":\"JetSkiDream\",\"url\":\"https:\\\/\\\/jetskidream.com\\\/\",\"logo\":{\"@type\":\"ImageObject\",\"inLanguage\":\"pt-PT\",\"@id\":\"https:\\\/\\\/jetskidream.com\\\/#\\\/schema\\\/logo\\\/image\\\/\",\"url\":\"https:\\\/\\\/jetskidream.com\\\/wp-content\\\/uploads\\\/2021\\\/01\\\/logo-cop333ia0.png\",\"contentUrl\":\"https:\\\/\\\/jetskidream.com\\\/wp-content\\\/uploads\\\/2021\\\/01\\\/logo-cop333ia0.png\",\"width\":550,\"height\":173,\"caption\":\"JetSkiDream\"},\"image\":{\"@id\":\"https:\\\/\\\/jetskidream.com\\\/#\\\/schema\\\/logo\\\/image\\\/\"}}]}<\/script>\n<!-- \/ Yoast SEO plugin. -->","yoast_head_json":{"title":"GRACIAS - Ruta Pura Vida - JetSkiDream","robots":{"index":"index","follow":"follow","max-snippet":"max-snippet:-1","max-image-preview":"max-image-preview:large","max-video-preview":"max-video-preview:-1"},"canonical":"https:\/\/jetskidream.com\/pt\/gracias-ruta-pura-vida\/","og_locale":"pt_PT","og_type":"article","og_title":"GRACIAS - Ruta Pura Vida - JetSkiDream","og_description":"Gracias Gracias por unirte a nuestra ruta por Isla Canela, una experiencia llena de vida \u00a1Vas a querer repetir!\u00a0","og_url":"https:\/\/jetskidream.com\/pt\/gracias-ruta-pura-vida\/","og_site_name":"JetSkiDream","article_modified_time":"2023-01-04T11:29:18+00:00","og_image":[{"width":1624,"height":1080,"url":"https:\/\/jetskidream.com\/wp-content\/uploads\/2021\/01\/IMG_20200910_1921151-4.jpg","type":"image\/jpeg"}],"twitter_card":"summary_large_image","twitter_misc":{"Tempo estimado de leitura":"1 minuto"},"schema":{"@context":"https:\/\/schema.org","@graph":[{"@type":"WebPage","@id":"https:\/\/jetskidream.com\/gracias-ruta-pura-vida\/","url":"https:\/\/jetskidream.com\/gracias-ruta-pura-vida\/","name":"GRACIAS - Ruta Pura Vida - JetSkiDream","isPartOf":{"@id":"https:\/\/jetskidream.com\/#website"},"primaryImageOfPage":{"@id":"https:\/\/jetskidream.com\/gracias-ruta-pura-vida\/#primaryimage"},"image":{"@id":"https:\/\/jetskidream.com\/gracias-ruta-pura-vida\/#primaryimage"},"thumbnailUrl":"https:\/\/jetskidream.com\/wp-content\/uploads\/2021\/01\/IMG_20200910_1921151-4.jpg","datePublished":"2021-07-06T06:53:53+00:00","dateModified":"2023-01-04T11:29:18+00:00","breadcrumb":{"@id":"https:\/\/jetskidream.com\/gracias-ruta-pura-vida\/#breadcrumb"},"inLanguage":"pt-PT","potentialAction":[{"@type":"ReadAction","target":["https:\/\/jetskidream.com\/gracias-ruta-pura-vida\/"]}]},{"@type":"ImageObject","inLanguage":"pt-PT","@id":"https:\/\/jetskidream.com\/gracias-ruta-pura-vida\/#primaryimage","url":"https:\/\/jetskidream.com\/wp-content\/uploads\/2021\/01\/IMG_20200910_1921151-4.jpg","contentUrl":"https:\/\/jetskidream.com\/wp-content\/uploads\/2021\/01\/IMG_20200910_1921151-4.jpg","width":1624,"height":1080},{"@type":"BreadcrumbList","@id":"https:\/\/jetskidream.com\/gracias-ruta-pura-vida\/#breadcrumb","itemListElement":[{"@type":"ListItem","position":1,"name":"Home","item":"https:\/\/jetskidream.com\/"},{"@type":"ListItem","position":2,"name":"GRACIAS &#8211; Ruta Pura Vida"}]},{"@type":"WebSite","@id":"https:\/\/jetskidream.com\/#website","url":"https:\/\/jetskidream.com\/","name":"JetSkiDream","description":"360\u00ba de oceano para si","publisher":{"@id":"https:\/\/jetskidream.com\/#organization"},"potentialAction":[{"@type":"SearchAction","target":{"@type":"EntryPoint","urlTemplate":"https:\/\/jetskidream.com\/?s={search_term_string}"},"query-input":{"@type":"PropertyValueSpecification","valueRequired":true,"valueName":"search_term_string"}}],"inLanguage":"pt-PT"},{"@type":"Organization","@id":"https:\/\/jetskidream.com\/#organization","name":"JetSkiDream","url":"https:\/\/jetskidream.com\/","logo":{"@type":"ImageObject","inLanguage":"pt-PT","@id":"https:\/\/jetskidream.com\/#\/schema\/logo\/image\/","url":"https:\/\/jetskidream.com\/wp-content\/uploads\/2021\/01\/logo-cop333ia0.png","contentUrl":"https:\/\/jetskidream.com\/wp-content\/uploads\/2021\/01\/logo-cop333ia0.png","width":550,"height":173,"caption":"JetSkiDream"},"image":{"@id":"https:\/\/jetskidream.com\/#\/schema\/logo\/image\/"}}]}},"_links":{"self":[{"href":"https:\/\/jetskidream.com\/pt\/wp-json\/wp\/v2\/pages\/28075","targetHints":{"allow":["GET"]}}],"collection":[{"href":"https:\/\/jetskidream.com\/pt\/wp-json\/wp\/v2\/pages"}],"about":[{"href":"https:\/\/jetskidream.com\/pt\/wp-json\/wp\/v2\/types\/page"}],"author":[{"embeddable":true,"href":"https:\/\/jetskidream.com\/pt\/wp-json\/wp\/v2\/users\/19"}],"replies":[{"embeddable":true,"href":"https:\/\/jetskidream.com\/pt\/wp-json\/wp\/v2\/comments?post=28075"}],"version-history":[{"count":0,"href":"https:\/\/jetskidream.com\/pt\/wp-json\/wp\/v2\/pages\/28075\/revisions"}],"wp:featuredmedia":[{"embeddable":true,"href":"https:\/\/jetskidream.com\/pt\/wp-json\/wp\/v2\/media\/26140"}],"wp:attachment":[{"href":"https:\/\/jetskidream.com\/pt\/wp-json\/wp\/v2\/media?parent=28075"}],"curies":[{"name":"wp","href":"https:\/\/api.w.org\/{rel}","templated":true}]}}